{"id":1006,"date":"2025-05-27T13:39:20","date_gmt":"2025-05-27T13:39:20","guid":{"rendered":"https:\/\/quioo.quironprevencion.com\/?page_id=1006"},"modified":"2026-04-24T09:36:27","modified_gmt":"2026-04-24T07:36:27","slug":"aviso-legal","status":"publish","type":"page","link":"https:\/\/quioo.quironprevencion.com\/en\/aviso-legal\/","title":{"rendered":"Legal notice"},"content":{"rendered":"<div data-elementor-type=\"wp-page\" data-elementor-id=\"1006\" class=\"elementor elementor-1006\" data-elementor-post-type=\"page\">\n\t\t\t\t<div class=\"elementor-element elementor-element-2e693ee e-flex e-con-boxed e-con e-parent\" data-id=\"2e693ee\" data-element_type=\"container\" data-e-type=\"container\" data-settings=\"{&quot;background_background&quot;:&quot;gradient&quot;}\">\n\t\t\t\t\t<div class=\"e-con-inner\">\n\t\t\t\t<div class=\"elementor-element elementor-element-3a63ee3 elementor-widget__width-initial elementor-invisible elementor-widget elementor-widget-heading\" data-id=\"3a63ee3\" data-element_type=\"widget\" data-e-type=\"widget\" data-settings=\"{&quot;_animation&quot;:&quot;fadeIn&quot;,&quot;_animation_delay&quot;:200}\" data-widget_type=\"heading.default\">\n\t\t\t\t<div class=\"elementor-widget-container\">\n\t\t\t\t\t<h1 class=\"elementor-heading-title elementor-size-default\">Legal notice<\/h1>\t\t\t\t<\/div>\n\t\t\t\t<\/div>\n\t\t\t\t\t<\/div>\n\t\t\t\t<\/div>\n\t\t<div class=\"elementor-element elementor-element-aee2131 e-flex e-con-boxed e-con e-parent\" data-id=\"aee2131\" data-element_type=\"container\" data-e-type=\"container\">\n\t\t\t\t\t<div class=\"e-con-inner\">\n\t\t<div class=\"elementor-element elementor-element-a2ab7a2 e-flex e-con-boxed e-con e-child\" data-id=\"a2ab7a2\" data-element_type=\"container\" data-e-type=\"container\">\n\t\t\t\t\t<div class=\"e-con-inner\">\n\t\t\t\t<div class=\"elementor-element elementor-element-b8be916 elementor-widget elementor-widget-text-editor\" data-id=\"b8be916\" data-element_type=\"widget\" data-e-type=\"widget\" data-widget_type=\"text-editor.default\">\n\t\t\t\t<div class=\"elementor-widget-container\">\n\t\t\t\t\t\t\t\t\t<h3 class=\"p1\"><span class=\"s1\">IDENTIFICATION OF THE WEBSITE OWNER<\/span><\/h3><p class=\"p2\"><span class=\"s1\">In compliance with the provisions of art. 10 of Law 34\/2002, of 11 July, on Information Society Services and Electronic Commerce, it is hereby stated that the identification details of the owner of the www.quironprevencion.com website domain are as follows:<\/span><\/p><ul class=\"ul1\"><li class=\"li3\"><span class=\"s3\">Company name: QUIR\u00d3N PREVENCI\u00d3N, S.L.<\/span><\/li><li class=\"li3\"><span class=\"s3\">VAT NO: B64076482<\/span><\/li><li class=\"li3\"><span class=\"s3\">Registered address: C\/AGUST\u00cdN DE BETANCOURT, 25, 28003 MADRID<\/span><\/li><li class=\"li3\"><span class=\"s3\">Contact:<br \/><\/span><span class=\"s3\">Telephone: 91 122 14 52<br \/><\/span><span class=\"s3\">E-mail address:\u00a0<a href=\"mailto:informacion@quironprevencion.com\"><span class=\"s4\">informacion@quironprevencion.com<\/span><\/a><\/span><\/li><li class=\"li3\"><span class=\"s3\">Administrative authorisation: QUIR\u00d3N PREVENCI\u00d3N, S.L. has administrative authorisation to act as an external prevention service for the specialities of Occupational Safety, Industrial Hygiene, Ergonomics and Applied Psychosociology and Occupational Medicine throughout Spain.<\/span><\/li><\/ul><p>\u00a0<\/p><h3 class=\"p1\"><span class=\"s1\">TERMS OF USE OF THE WEBSITE<\/span><\/h3><ol class=\"ol1\"><li class=\"li3\"><span class=\"s3\">QUIR\u00d3N PREVENCI\u00d3N, S.L. is the owner of the intellectual and industrial property rights reflected on the site.\u00a0<a href=\"http:\/\/www.quironprevencion.com\/\"><span class=\"s4\">www.quironprevencion.com<\/span><\/a>, as well as all the elements contained therein. The user undertakes to respect these rights.<\/span><span class=\"s1\"><br \/><\/span><\/li><li class=\"li3\"><span class=\"s3\">The use or publication, in part or in whole, for commercial purposes, of any content of the site\u00a0<a href=\"http:\/\/www.quironprevencion.com\/\"><span class=\"s4\">www.quironprevencion.com<\/span><\/a>\u00a0is strictly forbidden without prior authorisation from QUIR\u00d3N PREVENCI\u00d3N, S.L. It is also forbidden to modify or delete material or content whose rights QUIR\u00d3N PREVENCI\u00d3N, S.L. reserves.<\/span><span class=\"s1\"><br \/><\/span><\/li><li class=\"li3\"><span class=\"s3\">Operators of websites that create links to the website of\u00a0<a href=\"http:\/\/www.quironprevencion.com\/\"><span class=\"s4\">www.quironprevencion.com<\/span><\/a>\u00a0must inform QUIR\u00d3N PREVENCI\u00d3N, S.L. in writing to the registered address indicated in the identification of the owner of the website in this legal notice. Such connections shall not imply any type of association or participation with the connected entities. QUIR\u00d3N PREVENCI\u00d3N, S.L reserves the right to deny such access at any time.<\/span><span class=\"s1\"><br \/><\/span><span class=\"s3\">In the event that any user of the www.quironprevencion.com website understands that the content or services provided by the linked pages are unlawful, violate constitutional values or principles, or harm the property or rights of the user or of a third party, they are requested to notify this in writing to the registered address indicated in the identification of the owner of the website in this legal notice.<\/span><span class=\"s1\"><br \/><\/span><\/li><li class=\"li3\"><span class=\"s3\">QUIR\u00d3N PREVENCI\u00d3N, S.L. shall not be liable, in any case, for damages of any kind arising from failure to read this notice, or failure to comply with the specific obligations in the conditions established herein. The visitor shall be liable for any damages that may be caused to the website by\u00a0<a href=\"http:\/\/www.quironprevencion.com\/\"><span class=\"s4\">www.quironprevencion.com<\/span><\/a>.<\/span><\/li><\/ol><p>\u00a0<\/p><h3 class=\"p1\"><span class=\"s1\">DISPUTE SETTLEMENT<\/span><\/h3><p class=\"p2\"><span class=\"s1\">Current Spanish legislation shall apply and any dispute shall be submitted to the Courts and Tribunals of the city of Madrid.<\/span><\/p><p>\u00a0<\/p><h3 class=\"p1\"><span class=\"s1\">ACCEPTANCE OF RESPONSIBILITY BY THE USER<\/span><\/h3><p class=\"p2\"><span class=\"s1\">The use of the website\u00a0<a href=\"http:\/\/www.quironprevencion.com\/\"><span class=\"s6\">www.quironprevencion.com<\/span><\/a>\u00a0property of QUIR\u00d3N PREVENCI\u00d3N, S.L. implies acceptance of its Terms of Use.<\/span><\/p>\t\t\t\t\t\t\t\t<\/div>\n\t\t\t\t<\/div>\n\t\t\t\t\t<\/div>\n\t\t\t\t<\/div>\n\t\t\t\t\t<\/div>\n\t\t\t\t<\/div>\n\t\t\t\t<\/div>","protected":false},"excerpt":{"rendered":"<p>Aviso legal IDENTIFICACION DEL TITULAR DEL SITIO WEB En cumplimiento de lo previsto en el art. 10 de la Ley 34\/2002, de 11 de julio, de Servicios de la Sociedad de la Informaci\u00f3n y Comercio Electr\u00f3nico, se pone de manifiesto que los datos de identificaci\u00f3n del titular del dominio web de www.quironprevencion.com son los siguientes: [&hellip;]<\/p>\n","protected":false},"author":4,"featured_media":0,"parent":0,"menu_order":0,"comment_status":"closed","ping_status":"closed","template":"","meta":{"footnotes":""},"class_list":["post-1006","page","type-page","status-publish","hentry"],"yoast_head":"<!-- This site is optimized with the Yoast SEO plugin v27.3 - https:\/\/yoast.com\/product\/yoast-seo-wordpress\/ -->\n<title>Aviso legal - Quir\u00f3nprevenci\u00f3n<\/title>\n<meta name=\"description\" content=\"Consulta el aviso legal de Quioo: informaci\u00f3n sobre propiedad intelectual, condiciones de uso y responsabilidades de nuestra plataforma.\" \/>\n<meta name=\"robots\" content=\"noindex, nofollow\" \/>\n<meta property=\"og:locale\" content=\"en_GB\" \/>\n<meta property=\"og:type\" content=\"article\" \/>\n<meta property=\"og:title\" content=\"Aviso legal - Quir\u00f3nprevenci\u00f3n\" \/>\n<meta property=\"og:description\" content=\"Consulta el aviso legal de Quioo: informaci\u00f3n sobre propiedad intelectual, condiciones de uso y responsabilidades de nuestra plataforma.\" \/>\n<meta property=\"og:url\" content=\"https:\/\/quioo.quironprevencion.com\/en\/aviso-legal\/\" \/>\n<meta property=\"og:site_name\" content=\"Quir\u00f3nprevenci\u00f3n\" \/>\n<meta property=\"article:modified_time\" content=\"2026-04-24T07:36:27+00:00\" \/>\n<meta name=\"twitter:card\" content=\"summary_large_image\" \/>\n<meta name=\"twitter:label1\" content=\"Estimated reading time\" \/>\n\t<meta name=\"twitter:data1\" content=\"3 minutes\" \/>\n<script type=\"application\/ld+json\" class=\"yoast-schema-graph\">{\"@context\":\"https:\\\/\\\/schema.org\",\"@graph\":[{\"@type\":\"WebPage\",\"@id\":\"https:\\\/\\\/quioo.quironprevencion.com\\\/aviso-legal\\\/\",\"url\":\"https:\\\/\\\/quioo.quironprevencion.com\\\/aviso-legal\\\/\",\"name\":\"Aviso legal - Quir\u00f3nprevenci\u00f3n\",\"isPartOf\":{\"@id\":\"https:\\\/\\\/quioo.quironprevencion.com\\\/#website\"},\"datePublished\":\"2025-05-27T13:39:20+00:00\",\"dateModified\":\"2026-04-24T07:36:27+00:00\",\"description\":\"Consulta el aviso legal de Quioo: informaci\u00f3n sobre propiedad intelectual, condiciones de uso y responsabilidades de nuestra plataforma.\",\"breadcrumb\":{\"@id\":\"https:\\\/\\\/quioo.quironprevencion.com\\\/aviso-legal\\\/#breadcrumb\"},\"inLanguage\":\"en-GB\",\"potentialAction\":[{\"@type\":\"ReadAction\",\"target\":[\"https:\\\/\\\/quioo.quironprevencion.com\\\/aviso-legal\\\/\"]}]},{\"@type\":\"BreadcrumbList\",\"@id\":\"https:\\\/\\\/quioo.quironprevencion.com\\\/aviso-legal\\\/#breadcrumb\",\"itemListElement\":[{\"@type\":\"ListItem\",\"position\":1,\"name\":\"Portada\",\"item\":\"https:\\\/\\\/quioo.quironprevencion.com\\\/\"},{\"@type\":\"ListItem\",\"position\":2,\"name\":\"Aviso legal\"}]},{\"@type\":\"WebSite\",\"@id\":\"https:\\\/\\\/quioo.quironprevencion.com\\\/#website\",\"url\":\"https:\\\/\\\/quioo.quironprevencion.com\\\/\",\"name\":\"Quir\u00f3nprevenci\u00f3n\",\"description\":\"\",\"publisher\":{\"@id\":\"https:\\\/\\\/quioo.quironprevencion.com\\\/#organization\"},\"potentialAction\":[{\"@type\":\"SearchAction\",\"target\":{\"@type\":\"EntryPoint\",\"urlTemplate\":\"https:\\\/\\\/quioo.quironprevencion.com\\\/?s={search_term_string}\"},\"query-input\":{\"@type\":\"PropertyValueSpecification\",\"valueRequired\":true,\"valueName\":\"search_term_string\"}}],\"inLanguage\":\"en-GB\"},{\"@type\":\"Organization\",\"@id\":\"https:\\\/\\\/quioo.quironprevencion.com\\\/#organization\",\"name\":\"Quir\u00f3nprevenci\u00f3n\",\"url\":\"https:\\\/\\\/quioo.quironprevencion.com\\\/\",\"logo\":{\"@type\":\"ImageObject\",\"inLanguage\":\"en-GB\",\"@id\":\"https:\\\/\\\/quioo.quironprevencion.com\\\/#\\\/schema\\\/logo\\\/image\\\/\",\"url\":\"\\\/wp-content\\\/uploads\\\/2025\\\/02\\\/logo-ok.png\",\"contentUrl\":\"\\\/wp-content\\\/uploads\\\/2025\\\/02\\\/logo-ok.png\",\"width\":104,\"height\":104,\"caption\":\"Quir\u00f3nprevenci\u00f3n\"},\"image\":{\"@id\":\"https:\\\/\\\/quioo.quironprevencion.com\\\/#\\\/schema\\\/logo\\\/image\\\/\"}}]}<\/script>\n<!-- \/ Yoast SEO plugin. -->","yoast_head_json":{"title":"Legal Notice - Quir\u00f3nprevenci\u00f3n","description":"Consulta el aviso legal de Quioo: informaci\u00f3n sobre propiedad intelectual, condiciones de uso y responsabilidades de nuestra plataforma.","robots":{"index":"noindex","follow":"nofollow"},"og_locale":"en_GB","og_type":"article","og_title":"Aviso legal - Quir\u00f3nprevenci\u00f3n","og_description":"Consulta el aviso legal de Quioo: informaci\u00f3n sobre propiedad intelectual, condiciones de uso y responsabilidades de nuestra plataforma.","og_url":"https:\/\/quioo.quironprevencion.com\/en\/aviso-legal\/","og_site_name":"Quir\u00f3nprevenci\u00f3n","article_modified_time":"2026-04-24T07:36:27+00:00","twitter_card":"summary_large_image","twitter_misc":{"Estimated reading time":"3 minutes"},"schema":{"@context":"https:\/\/schema.org","@graph":[{"@type":"WebPage","@id":"https:\/\/quioo.quironprevencion.com\/aviso-legal\/","url":"https:\/\/quioo.quironprevencion.com\/aviso-legal\/","name":"Legal Notice - Quir\u00f3nprevenci\u00f3n","isPartOf":{"@id":"https:\/\/quioo.quironprevencion.com\/#website"},"datePublished":"2025-05-27T13:39:20+00:00","dateModified":"2026-04-24T07:36:27+00:00","description":"Consulta el aviso legal de Quioo: informaci\u00f3n sobre propiedad intelectual, condiciones de uso y responsabilidades de nuestra plataforma.","breadcrumb":{"@id":"https:\/\/quioo.quironprevencion.com\/aviso-legal\/#breadcrumb"},"inLanguage":"en-GB","potentialAction":[{"@type":"ReadAction","target":["https:\/\/quioo.quironprevencion.com\/aviso-legal\/"]}]},{"@type":"BreadcrumbList","@id":"https:\/\/quioo.quironprevencion.com\/aviso-legal\/#breadcrumb","itemListElement":[{"@type":"ListItem","position":1,"name":"Portada","item":"https:\/\/quioo.quironprevencion.com\/"},{"@type":"ListItem","position":2,"name":"Aviso legal"}]},{"@type":"WebSite","@id":"https:\/\/quioo.quironprevencion.com\/#website","url":"https:\/\/quioo.quironprevencion.com\/","name":"Quir\u00f3nprevenci\u00f3n","description":"","publisher":{"@id":"https:\/\/quioo.quironprevencion.com\/#organization"},"potentialAction":[{"@type":"SearchAction","target":{"@type":"EntryPoint","urlTemplate":"https:\/\/quioo.quironprevencion.com\/?s={search_term_string}"},"query-input":{"@type":"PropertyValueSpecification","valueRequired":true,"valueName":"search_term_string"}}],"inLanguage":"en-GB"},{"@type":"Organization","@id":"https:\/\/quioo.quironprevencion.com\/#organization","name":"Quir\u00f3nprevenci\u00f3n","url":"https:\/\/quioo.quironprevencion.com\/","logo":{"@type":"ImageObject","inLanguage":"en-GB","@id":"https:\/\/quioo.quironprevencion.com\/#\/schema\/logo\/image\/","url":"\/wp-content\/uploads\/2025\/02\/logo-ok.png","contentUrl":"\/wp-content\/uploads\/2025\/02\/logo-ok.png","width":104,"height":104,"caption":"Quir\u00f3nprevenci\u00f3n"},"image":{"@id":"https:\/\/quioo.quironprevencion.com\/#\/schema\/logo\/image\/"}}]}},"_links":{"self":[{"href":"https:\/\/quioo.quironprevencion.com\/en\/wp-json\/wp\/v2\/pages\/1006","targetHints":{"allow":["GET"]}}],"collection":[{"href":"https:\/\/quioo.quironprevencion.com\/en\/wp-json\/wp\/v2\/pages"}],"about":[{"href":"https:\/\/quioo.quironprevencion.com\/en\/wp-json\/wp\/v2\/types\/page"}],"author":[{"embeddable":true,"href":"https:\/\/quioo.quironprevencion.com\/en\/wp-json\/wp\/v2\/users\/4"}],"replies":[{"embeddable":true,"href":"https:\/\/quioo.quironprevencion.com\/en\/wp-json\/wp\/v2\/comments?post=1006"}],"version-history":[{"count":10,"href":"https:\/\/quioo.quironprevencion.com\/en\/wp-json\/wp\/v2\/pages\/1006\/revisions"}],"predecessor-version":[{"id":2101,"href":"https:\/\/quioo.quironprevencion.com\/en\/wp-json\/wp\/v2\/pages\/1006\/revisions\/2101"}],"wp:attachment":[{"href":"https:\/\/quioo.quironprevencion.com\/en\/wp-json\/wp\/v2\/media?parent=1006"}],"curies":[{"name":"wp","href":"https:\/\/api.w.org\/{rel}","templated":true}]}}