{"id":998,"date":"2025-05-27T13:39:03","date_gmt":"2025-05-27T13:39:03","guid":{"rendered":"https:\/\/quioo.quironprevencion.com\/?page_id=998"},"modified":"2025-06-12T12:15:35","modified_gmt":"2025-06-12T12:15:35","slug":"politica-de-privacidad","status":"publish","type":"page","link":"https:\/\/quioo.quironprevencion.com\/en\/politica-de-privacidad\/","title":{"rendered":"Privacy policy"},"content":{"rendered":"<div data-elementor-type=\"wp-page\" data-elementor-id=\"998\" class=\"elementor elementor-998\" data-elementor-post-type=\"page\">\n\t\t\t\t<div class=\"elementor-element elementor-element-e3d3ec0 e-flex e-con-boxed e-con e-parent\" data-id=\"e3d3ec0\" data-element_type=\"container\" data-e-type=\"container\" data-settings=\"{&quot;background_background&quot;:&quot;gradient&quot;}\">\n\t\t\t\t\t<div class=\"e-con-inner\">\n\t\t\t\t<div class=\"elementor-element elementor-element-f31b76b elementor-widget__width-initial elementor-invisible elementor-widget elementor-widget-heading\" data-id=\"f31b76b\" data-element_type=\"widget\" data-e-type=\"widget\" data-settings=\"{&quot;_animation&quot;:&quot;fadeIn&quot;,&quot;_animation_delay&quot;:200}\" data-widget_type=\"heading.default\">\n\t\t\t\t<div class=\"elementor-widget-container\">\n\t\t\t\t\t<h1 class=\"elementor-heading-title elementor-size-default\">Privacy policy<\/h1>\t\t\t\t<\/div>\n\t\t\t\t<\/div>\n\t\t\t\t\t<\/div>\n\t\t\t\t<\/div>\n\t\t<div class=\"elementor-element elementor-element-b08a62f e-flex e-con-boxed e-con e-parent\" data-id=\"b08a62f\" data-element_type=\"container\" data-e-type=\"container\">\n\t\t\t\t\t<div class=\"e-con-inner\">\n\t\t<div class=\"elementor-element elementor-element-a074245 e-flex e-con-boxed e-con e-child\" data-id=\"a074245\" data-element_type=\"container\" data-e-type=\"container\">\n\t\t\t\t\t<div class=\"e-con-inner\">\n\t\t\t\t<div class=\"elementor-element elementor-element-91fc450 elementor-widget elementor-widget-text-editor\" data-id=\"91fc450\" data-element_type=\"widget\" data-e-type=\"widget\" data-widget_type=\"text-editor.default\">\n\t\t\t\t<div class=\"elementor-widget-container\">\n\t\t\t\t\t\t\t\t\t<p class=\"p1\"><span class=\"s1\">In accordance with Regulation (EU) 2016\/679 of the Parliament and of the Council of 27 April 2016 on the protection of natural persons with regard to the processing of their personal data and the free movement of such data and with Organic Law 3\/2018 of 5 December on the Protection of Personal Data and guarantee of digital rights, users of this website are informed of the following aspects:<\/span><\/p><h3>\u00a0<\/h3><h3 class=\"p3\"><span class=\"s1\">Who is responsible for the processing of your data?<\/span><\/h3><p class=\"p4\"><span class=\"s1\">Identity: Quir\u00f3n Prevenci\u00f3n, S.L.U. - CIF: B64076482<br \/><\/span><span class=\"s1\">Address: C\/ Agust\u00edn de Betancourt, n\u00ba 25 - 28003 Madrid<br \/><\/span><span class=\"s1\">Telephone: 91 122 14 52<br \/><\/span><span class=\"s3\">Email:\u00a0<a href=\"mailto:informacion@quironprevencion.com\"><span class=\"s4\">informacion@quironprevencion.com<\/span><\/a><br \/><\/span><span class=\"s1\">Contact Data Protection Officer:\u00a0<a href=\"mailto:dpo@quironprevencion.com\"><span class=\"s4\">dpo@quironprevencion.com<\/span><\/a><\/span><\/p><p>\u00a0<\/p><h3 class=\"p3\"><span class=\"s1\">What information do we process?<\/span><\/h3><p class=\"p4\"><span class=\"s1\">In general, you may use the Website without providing any personal information.<\/span><\/p><p class=\"p4\"><span class=\"s1\">We have several sections on our website in which there are forms for collecting personal data that are necessary to provide the services you request.<\/span><\/p><p class=\"p4\"><span class=\"s1\">When you send us any of these forms requesting information, you guarantee the authenticity, accuracy and truthfulness of all the information you provide us with, undertaking to keep the information you provide us with up to date so that it corresponds, at all times, to your real situation. The User shall be solely responsible for any false or inaccurate statements and for any damages that such statements may cause.<\/span><\/p><p class=\"p4\"><span class=\"s1\">The categories of personal data that we process are listed below:<\/span><\/p><ul class=\"ul1\"><li class=\"li6\"><span class=\"s1\">Information and quotation request forms: Identification and contact details (name and surname, telephone, e-mail, NIF).<\/span><\/li><li class=\"li6\"><span class=\"s1\">Newsletter subscription form: Contact details (e-mail).<\/span><\/li><li class=\"li6\"><span class=\"s1\">Comments on the blog: Identification and contact details (name and surname, e-mail).<\/span><\/li><\/ul><p class=\"p4\"><span class=\"s1\"><br \/>The data that we request from you through the aforementioned forms are of an identifying nature and are the minimum necessary to be able to provide you with the services you request from us. The obligatory data are specified on the form itself, and your refusal to provide them will mean that we will not be able to deal with your request.<\/span><\/p><p class=\"p4\"><span class=\"s1\">In addition, there are other data collection forms on the website that are aimed at other groups such as customers, employees of customers or candidates. In each of them you can find specific information on the processing of data provided through these forms.<\/span><\/p><h3>\u00a0<\/h3><h3 class=\"p3\"><span class=\"s1\">How did we obtain your personal data?<\/span><\/h3><p class=\"p4\"><span class=\"s1\">The personal data obtained have been provided directly by you through the different forms available on the website.<\/span><\/p><h3>\u00a0<\/h3><h3 class=\"p3\"><span class=\"s1\">For what purposes do we process your personal data?<\/span><\/h3><p class=\"p4\"><span class=\"s1\">Personal data may be processed by Quir\u00f3nprevenci\u00f3n for the following purposes:<\/span><\/p><ol class=\"ol1\"><li class=\"li6\"><span class=\"s1\">Request for information and quotation: The personal data provided through these forms will be processed for the sole purpose of dealing with your request for information, doubts and queries or to provide you with a quote.<\/span><\/li><li class=\"li6\"><span class=\"s1\">Newsletter subscription: The data provided is used to manage the subscription list, control and send newsletters by electronic means and inform subscribers of Quir\u00f3nprevenci\u00f3n's activities and services.<\/span><\/li><li class=\"li6\"><span class=\"s1\">Blog comments: in this case, your data will be processed for the purpose of registering the user and managing the comments he\/she may make on the blog.<\/span><\/li><li class=\"li6\"><span class=\"s1\">Sending of commercial communications by any means in the event of additional consent: if you explicitly consent, your data may be used by Quir\u00f3nprevenci\u00f3n for the purpose of informing you by any means for promotional and advertising purposes about services, products or events related to the occupational risk prevention and health sector. (under no circumstances will your data be used to send you advertising content unrelated to Quir\u00f3nprevenci\u00f3n).<\/span><\/li><\/ol><p class=\"p4\"><span class=\"s1\"><br \/>Quir\u00f3nprevenci\u00f3n will process the information confidentially and exclusively for the determined, explicit and legitimate purposes and they will not be further processed in a way that is incompatible with those purposes. Where further processing of personal data for a purpose other than that for which it was collected is planned, the data subject shall be provided, prior to such further processing, with information about that other purpose and any additional relevant information.<\/span><\/p><p>\u00a0<\/p><h3 class=\"p3\"><span class=\"s1\">What is the legitimacy for the processing of your personal data?<\/span><\/h3><p class=\"p4\"><span class=\"s1\">The legal basis that legitimises the processing of your personal data in all the cases described in the previous point is the informed, express, free and unequivocal consent that you provide us with when you tick the box \u00abI accept the Legal Notice and Privacy Policy\u00bb or the box \u00abI accept the sending of commercial communications\u00bb, and the subsequent sending of the form where you verify your consent.<\/span><\/p><p class=\"p4\"><span class=\"s1\">The data we request from you are adequate, relevant and strictly necessary and you are under no obligation to provide them.<\/span><\/p><h3>\u00a0<\/h3><h3 class=\"p3\"><span class=\"s1\">How long will we keep your personal data?<\/span><\/h3><p class=\"p4\"><span class=\"s1\">The personal data that you provide us with in order to request information and\/or a quote will be kept for the minimum time necessary for the correct provision of the service offered, as well as to meet the responsibilities that may arise from the same and any other legal requirement.<\/span><\/p><p class=\"p4\"><span class=\"s1\">The data processed for sending newsletters to which you have subscribed or to post comments on the blog, will be retained until the user does not revoke their consent, unsubscribe from the newsletter and \/ or exercise their rights of opposition and \/ or deletion.<\/span><\/p><p class=\"p4\"><span class=\"s1\">The data processed for the sending of commercial communications will be kept until the interested party revokes consent and\/or exercises their rights of opposition and\/or deletion.<\/span><\/p><h3>\u00a0<\/h3><h3 class=\"p3\"><span class=\"s1\">To which recipients will your data be communicated?<\/span><\/h3><p class=\"p4\"><span class=\"s1\">Quir\u00f3nprevenci\u00f3n will not pass on the data provided by you to third parties, unless legally obliged to do so or with your express consent.<\/span><\/p><p class=\"p4\"><span class=\"s1\">Quir\u00f3nprevenci\u00f3n may provide personal data to service providers necessary for the provision of the service. In these cases, the service providers, who will be considered data processors, must at all times maintain the same levels of security as Quir\u00f3nprevenci\u00f3n in relation to your personal data and will be bound by a contractual relationship, being able to process your data exclusively according to Quir\u00f3nprevenci\u00f3n's instructions.<\/span><\/p><h3>\u00a0<\/h3><h3 class=\"p3\"><span class=\"s1\">What are your rights when you provide us with your data?<\/span><\/h3><p class=\"p4\"><span class=\"s1\">Any person has the right to obtain confirmation as to whether or not Quir\u00f3nprevenci\u00f3n is processing personal data concerning them. The data protection rights that you can exercise are:<\/span><\/p><ul class=\"ul2\"><li class=\"li6\"><span class=\"s1\">Right of access, rectification or deletion: You have the right to access your personal data, as well as the right to request the rectification of inaccurate data or, where appropriate, to request their deletion when, among other reasons, the data are no longer necessary for the purposes for which they were collected.<\/span><\/li><li class=\"li6\"><span class=\"s1\">Right to object: In certain circumstances you may object to the processing of your data. Quir\u00f3nprevenci\u00f3n will stop processing the data, except for compelling legitimate reasons or for the exercise or defence of possible claims.<\/span><\/li><li class=\"li6\"><span class=\"s1\">Right to data portability: You may request that your automated personal data be assigned or transferred to any other company that you indicate to us. It will be provided in a structured, intelligible and automated format.<\/span><\/li><li class=\"li6\"><span class=\"s1\">Right to request restriction of processing: In certain circumstances, you may request that we restrict the processing of your data, in which case we will only keep it for the purpose of pursuing or defending claims.<\/span><\/li><li class=\"li6\"><span class=\"s1\">The right not to be subject to automated individual decisions.<\/span><\/li><\/ul><p>\u00a0<\/p><h3 class=\"p3\"><span class=\"s1\">How can you exercise these rights?<\/span><\/h3><p class=\"p4\"><span class=\"s1\">You may exercise your personal data protection rights by sending a written communication to the registered office of Quir\u00f3n Prevenci\u00f3n, S.L.U., at C\/ Agust\u00edn de Betancourt 25, 28003 MADRID, indicating the reference \u00abDATA PROTECTION\u00bb or to the e-mail address provided for this purpose, protecciondedatos@quironprevencion.com, including in both cases a photocopy of your ID card or other equivalent identification document and indicating your name and surname, the request in which the request is made, address for the purpose of notifications, date and signature. You may also exercise your rights through legal representation, in which case, in addition to the ID card of the interested party or equivalent, you must provide your ID card and authentic proof of representation of the third party.<\/span><\/p><p class=\"p4\"><span class=\"s1\">Upon request, we will provide you with the forms on which you can exercise these rights, indicating which right you wish to exercise.<\/span><\/p><h3>\u00a0<\/h3><h3 class=\"p3\"><span class=\"s1\">Can I withdraw consent?<\/span><\/h3><p class=\"p4\"><span class=\"s1\">You have the right to withdraw consent at any time, without affecting the lawfulness of processing based on consent prior to its withdrawal.<\/span><\/p><h3>\u00a0<\/h3><h3 class=\"p3\"><span class=\"s1\">Where can I complain if I feel that my data is not being handled correctly?<\/span><\/h3><p class=\"p4\"><span class=\"s1\">If you consider that your data are not being treated correctly, you may address your complaints to the Data Protection Delegate of Quir\u00f3n Prevenci\u00f3n (dpo@quironprevencion.com) or to the supervisory authority, which in Spain is the Spanish Data Protection Agency, either through the electronic headquarters of its web portal (www.agpd.es), or by writing to its postal address (C\/ Jorge Juan, 6, 28001-Madrid).<\/span><\/p><p class=\"p3\"><span class=\"s1\">Security and updating of your personal data<\/span><\/p><p class=\"p4\"><span class=\"s1\">In order to safeguard the security of your personal data, we inform you that Quir\u00f3n Prevenci\u00f3n, S.L.U. has adopted all the technical and organisational measures necessary to guarantee the security of the personal data supplied, including, among others:<\/span><\/p><ol class=\"ol1\"><li class=\"li6\"><span class=\"s1\">Pseudonymisation and encryption of personal data where appropriate.<\/span><\/li><li class=\"li6\"><span class=\"s1\">The ability to ensure the continued confidentiality, integrity, availability and resilience of processing systems and services.<\/span><\/li><li class=\"li6\"><span class=\"s1\">The ability to restore availability and access to personal data quickly in the event of a physical or technical incident.<\/span><\/li><li class=\"li6\"><span class=\"s1\">A process of regular verification, evaluation and assessment of the effectiveness of technical and organisational measures to ensure the security of processing.<\/span><\/li><\/ol><p class=\"p4\"><span class=\"s1\">Quir\u00f3nprevenci\u00f3n reserves the right to modify this privacy policy at any time, so we recommend that you review it each time you access the web page.<\/span><\/p><ul class=\"ul3\"><li class=\"li8\"><span class=\"s6\"><a href=\"https:\/\/www.quironprevencion.com\/es\/politica-privacidad\/politica-privacidad-informacion-adicional\"><span class=\"s7\">Privacy policy: Additional information<\/span><\/a><\/span><\/li><li class=\"li8\"><span class=\"s6\"><a href=\"https:\/\/www.quironprevencion.com\/es\/politica-privacidad\/sociedades-quironprevencion\"><span class=\"s7\">Quir\u00f3nprevenci\u00f3n companies<\/span><\/a><\/span><\/li><li class=\"li8\"><span class=\"s6\"><a href=\"https:\/\/www.quironprevencion.com\/es\/politica-privacidad\/sociedades-grupo-quironsalud\"><span class=\"s7\">Quir\u00f3nsalud Group companies<\/span><\/a><\/span><ul class=\"ul3\"><li class=\"li8\">\u00a0<\/li><\/ul><\/li><\/ul>\t\t\t\t\t\t\t\t<\/div>\n\t\t\t\t<\/div>\n\t\t\t\t\t<\/div>\n\t\t\t\t<\/div>\n\t\t\t\t\t<\/div>\n\t\t\t\t<\/div>\n\t\t\t\t<\/div>","protected":false},"excerpt":{"rendered":"<p>Pol\u00edtica de privacidad De conformidad con el Reglamento (UE) 2016\/679 del Parlamento y del Consejo de 27 de abril de 2016 relativo a la protecci\u00f3n de las personas f\u00edsicas en lo que respecta al tratamiento de sus datos personales y la libre circulaci\u00f3n de \u00e9stos y con la Ley Org\u00e1nica 3\/2018, de 5 de diciembre, [&hellip;]<\/p>\n","protected":false},"author":4,"featured_media":0,"parent":0,"menu_order":0,"comment_status":"closed","ping_status":"closed","template":"","meta":{"footnotes":""},"class_list":["post-998","page","type-page","status-publish","hentry"],"yoast_head":"<!-- This site is optimized with the Yoast SEO plugin v27.3 - https:\/\/yoast.com\/product\/yoast-seo-wordpress\/ -->\n<title>Pol\u00edtica de privacidad - Quir\u00f3nprevenci\u00f3n<\/title>\n<meta name=\"description\" content=\"Descubre c\u00f3mo Quioo protege tus datos personales y garantiza tu privacidad seg\u00fan la normativa vigente. Transparencia y seguridad en tu informaci\u00f3n.\" \/>\n<meta name=\"robots\" content=\"noindex, follow\" \/>\n<meta property=\"og:locale\" content=\"en_GB\" \/>\n<meta property=\"og:type\" content=\"article\" \/>\n<meta property=\"og:title\" content=\"Pol\u00edtica de privacidad - Quir\u00f3nprevenci\u00f3n\" \/>\n<meta property=\"og:description\" content=\"Descubre c\u00f3mo Quioo protege tus datos personales y garantiza tu privacidad seg\u00fan la normativa vigente. Transparencia y seguridad en tu informaci\u00f3n.\" \/>\n<meta property=\"og:url\" content=\"https:\/\/quioo.quironprevencion.com\/en\/politica-de-privacidad\/\" \/>\n<meta property=\"og:site_name\" content=\"Quir\u00f3nprevenci\u00f3n\" \/>\n<meta property=\"article:modified_time\" content=\"2025-06-12T12:15:35+00:00\" \/>\n<meta name=\"twitter:card\" content=\"summary_large_image\" \/>\n<meta name=\"twitter:label1\" content=\"Estimated reading time\" \/>\n\t<meta name=\"twitter:data1\" content=\"8 minutes\" \/>\n<script type=\"application\/ld+json\" class=\"yoast-schema-graph\">{\"@context\":\"https:\\\/\\\/schema.org\",\"@graph\":[{\"@type\":\"WebPage\",\"@id\":\"https:\\\/\\\/quioo.quironprevencion.com\\\/politica-de-privacidad\\\/\",\"url\":\"https:\\\/\\\/quioo.quironprevencion.com\\\/politica-de-privacidad\\\/\",\"name\":\"Pol\u00edtica de privacidad - Quir\u00f3nprevenci\u00f3n\",\"isPartOf\":{\"@id\":\"https:\\\/\\\/quioo.quironprevencion.com\\\/#website\"},\"datePublished\":\"2025-05-27T13:39:03+00:00\",\"dateModified\":\"2025-06-12T12:15:35+00:00\",\"description\":\"Descubre c\u00f3mo Quioo protege tus datos personales y garantiza tu privacidad seg\u00fan la normativa vigente. Transparencia y seguridad en tu informaci\u00f3n.\",\"breadcrumb\":{\"@id\":\"https:\\\/\\\/quioo.quironprevencion.com\\\/politica-de-privacidad\\\/#breadcrumb\"},\"inLanguage\":\"en-GB\",\"potentialAction\":[{\"@type\":\"ReadAction\",\"target\":[\"https:\\\/\\\/quioo.quironprevencion.com\\\/politica-de-privacidad\\\/\"]}]},{\"@type\":\"BreadcrumbList\",\"@id\":\"https:\\\/\\\/quioo.quironprevencion.com\\\/politica-de-privacidad\\\/#breadcrumb\",\"itemListElement\":[{\"@type\":\"ListItem\",\"position\":1,\"name\":\"Portada\",\"item\":\"https:\\\/\\\/quioo.quironprevencion.com\\\/\"},{\"@type\":\"ListItem\",\"position\":2,\"name\":\"Pol\u00edtica de privacidad\"}]},{\"@type\":\"WebSite\",\"@id\":\"https:\\\/\\\/quioo.quironprevencion.com\\\/#website\",\"url\":\"https:\\\/\\\/quioo.quironprevencion.com\\\/\",\"name\":\"Quir\u00f3nprevenci\u00f3n\",\"description\":\"\",\"publisher\":{\"@id\":\"https:\\\/\\\/quioo.quironprevencion.com\\\/#organization\"},\"potentialAction\":[{\"@type\":\"SearchAction\",\"target\":{\"@type\":\"EntryPoint\",\"urlTemplate\":\"https:\\\/\\\/quioo.quironprevencion.com\\\/?s={search_term_string}\"},\"query-input\":{\"@type\":\"PropertyValueSpecification\",\"valueRequired\":true,\"valueName\":\"search_term_string\"}}],\"inLanguage\":\"en-GB\"},{\"@type\":\"Organization\",\"@id\":\"https:\\\/\\\/quioo.quironprevencion.com\\\/#organization\",\"name\":\"Quir\u00f3nprevenci\u00f3n\",\"url\":\"https:\\\/\\\/quioo.quironprevencion.com\\\/\",\"logo\":{\"@type\":\"ImageObject\",\"inLanguage\":\"en-GB\",\"@id\":\"https:\\\/\\\/quioo.quironprevencion.com\\\/#\\\/schema\\\/logo\\\/image\\\/\",\"url\":\"\\\/wp-content\\\/uploads\\\/2025\\\/02\\\/logo-ok.png\",\"contentUrl\":\"\\\/wp-content\\\/uploads\\\/2025\\\/02\\\/logo-ok.png\",\"width\":104,\"height\":104,\"caption\":\"Quir\u00f3nprevenci\u00f3n\"},\"image\":{\"@id\":\"https:\\\/\\\/quioo.quironprevencion.com\\\/#\\\/schema\\\/logo\\\/image\\\/\"}}]}<\/script>\n<!-- \/ Yoast SEO plugin. -->","yoast_head_json":{"title":"Privacy policy - Quir\u00f3nprevenci\u00f3n","description":"Descubre c\u00f3mo Quioo protege tus datos personales y garantiza tu privacidad seg\u00fan la normativa vigente. Transparencia y seguridad en tu informaci\u00f3n.","robots":{"index":"noindex","follow":"follow"},"og_locale":"en_GB","og_type":"article","og_title":"Pol\u00edtica de privacidad - Quir\u00f3nprevenci\u00f3n","og_description":"Descubre c\u00f3mo Quioo protege tus datos personales y garantiza tu privacidad seg\u00fan la normativa vigente. Transparencia y seguridad en tu informaci\u00f3n.","og_url":"https:\/\/quioo.quironprevencion.com\/en\/politica-de-privacidad\/","og_site_name":"Quir\u00f3nprevenci\u00f3n","article_modified_time":"2025-06-12T12:15:35+00:00","twitter_card":"summary_large_image","twitter_misc":{"Estimated reading time":"8 minutes"},"schema":{"@context":"https:\/\/schema.org","@graph":[{"@type":"WebPage","@id":"https:\/\/quioo.quironprevencion.com\/politica-de-privacidad\/","url":"https:\/\/quioo.quironprevencion.com\/politica-de-privacidad\/","name":"Privacy policy - Quir\u00f3nprevenci\u00f3n","isPartOf":{"@id":"https:\/\/quioo.quironprevencion.com\/#website"},"datePublished":"2025-05-27T13:39:03+00:00","dateModified":"2025-06-12T12:15:35+00:00","description":"Descubre c\u00f3mo Quioo protege tus datos personales y garantiza tu privacidad seg\u00fan la normativa vigente. Transparencia y seguridad en tu informaci\u00f3n.","breadcrumb":{"@id":"https:\/\/quioo.quironprevencion.com\/politica-de-privacidad\/#breadcrumb"},"inLanguage":"en-GB","potentialAction":[{"@type":"ReadAction","target":["https:\/\/quioo.quironprevencion.com\/politica-de-privacidad\/"]}]},{"@type":"BreadcrumbList","@id":"https:\/\/quioo.quironprevencion.com\/politica-de-privacidad\/#breadcrumb","itemListElement":[{"@type":"ListItem","position":1,"name":"Portada","item":"https:\/\/quioo.quironprevencion.com\/"},{"@type":"ListItem","position":2,"name":"Pol\u00edtica de privacidad"}]},{"@type":"WebSite","@id":"https:\/\/quioo.quironprevencion.com\/#website","url":"https:\/\/quioo.quironprevencion.com\/","name":"Quir\u00f3nprevenci\u00f3n","description":"","publisher":{"@id":"https:\/\/quioo.quironprevencion.com\/#organization"},"potentialAction":[{"@type":"SearchAction","target":{"@type":"EntryPoint","urlTemplate":"https:\/\/quioo.quironprevencion.com\/?s={search_term_string}"},"query-input":{"@type":"PropertyValueSpecification","valueRequired":true,"valueName":"search_term_string"}}],"inLanguage":"en-GB"},{"@type":"Organization","@id":"https:\/\/quioo.quironprevencion.com\/#organization","name":"Quir\u00f3nprevenci\u00f3n","url":"https:\/\/quioo.quironprevencion.com\/","logo":{"@type":"ImageObject","inLanguage":"en-GB","@id":"https:\/\/quioo.quironprevencion.com\/#\/schema\/logo\/image\/","url":"\/wp-content\/uploads\/2025\/02\/logo-ok.png","contentUrl":"\/wp-content\/uploads\/2025\/02\/logo-ok.png","width":104,"height":104,"caption":"Quir\u00f3nprevenci\u00f3n"},"image":{"@id":"https:\/\/quioo.quironprevencion.com\/#\/schema\/logo\/image\/"}}]}},"_links":{"self":[{"href":"https:\/\/quioo.quironprevencion.com\/en\/wp-json\/wp\/v2\/pages\/998","targetHints":{"allow":["GET"]}}],"collection":[{"href":"https:\/\/quioo.quironprevencion.com\/en\/wp-json\/wp\/v2\/pages"}],"about":[{"href":"https:\/\/quioo.quironprevencion.com\/en\/wp-json\/wp\/v2\/types\/page"}],"author":[{"embeddable":true,"href":"https:\/\/quioo.quironprevencion.com\/en\/wp-json\/wp\/v2\/users\/4"}],"replies":[{"embeddable":true,"href":"https:\/\/quioo.quironprevencion.com\/en\/wp-json\/wp\/v2\/comments?post=998"}],"version-history":[{"count":7,"href":"https:\/\/quioo.quironprevencion.com\/en\/wp-json\/wp\/v2\/pages\/998\/revisions"}],"predecessor-version":[{"id":1024,"href":"https:\/\/quioo.quironprevencion.com\/en\/wp-json\/wp\/v2\/pages\/998\/revisions\/1024"}],"wp:attachment":[{"href":"https:\/\/quioo.quironprevencion.com\/en\/wp-json\/wp\/v2\/media?parent=998"}],"curies":[{"name":"wp","href":"https:\/\/api.w.org\/{rel}","templated":true}]}}