{"id":1006,"date":"2025-05-27T13:39:20","date_gmt":"2025-05-27T13:39:20","guid":{"rendered":"https:\/\/quioo.quironprevencion.com\/?page_id=1006"},"modified":"2026-04-24T09:36:27","modified_gmt":"2026-04-24T07:36:27","slug":"aviso-legal","status":"publish","type":"page","link":"https:\/\/quioo.quironprevencion.com\/pt\/aviso-legal\/","title":{"rendered":"Aviso legal"},"content":{"rendered":"<div data-elementor-type=\"wp-page\" data-elementor-id=\"1006\" class=\"elementor elementor-1006\" data-elementor-post-type=\"page\">\n\t\t\t\t<div class=\"elementor-element elementor-element-2e693ee e-flex e-con-boxed e-con e-parent\" data-id=\"2e693ee\" data-element_type=\"container\" data-e-type=\"container\" data-settings=\"{&quot;background_background&quot;:&quot;gradient&quot;}\">\n\t\t\t\t\t<div class=\"e-con-inner\">\n\t\t\t\t<div class=\"elementor-element elementor-element-3a63ee3 elementor-widget__width-initial elementor-invisible elementor-widget elementor-widget-heading\" data-id=\"3a63ee3\" data-element_type=\"widget\" data-e-type=\"widget\" data-settings=\"{&quot;_animation&quot;:&quot;fadeIn&quot;,&quot;_animation_delay&quot;:200}\" data-widget_type=\"heading.default\">\n\t\t\t\t<div class=\"elementor-widget-container\">\n\t\t\t\t\t<h1 class=\"elementor-heading-title elementor-size-default\">Aviso legal<\/h1>\t\t\t\t<\/div>\n\t\t\t\t<\/div>\n\t\t\t\t\t<\/div>\n\t\t\t\t<\/div>\n\t\t<div class=\"elementor-element elementor-element-aee2131 e-flex e-con-boxed e-con e-parent\" data-id=\"aee2131\" data-element_type=\"container\" data-e-type=\"container\">\n\t\t\t\t\t<div class=\"e-con-inner\">\n\t\t<div class=\"elementor-element elementor-element-a2ab7a2 e-flex e-con-boxed e-con e-child\" data-id=\"a2ab7a2\" data-element_type=\"container\" data-e-type=\"container\">\n\t\t\t\t\t<div class=\"e-con-inner\">\n\t\t\t\t<div class=\"elementor-element elementor-element-b8be916 elementor-widget elementor-widget-text-editor\" data-id=\"b8be916\" data-element_type=\"widget\" data-e-type=\"widget\" data-widget_type=\"text-editor.default\">\n\t\t\t\t<div class=\"elementor-widget-container\">\n\t\t\t\t\t\t\t\t\t<h3 class=\"p1\"><span class=\"s1\">IDENTIFICA\u00c7\u00c3O DO PROPRIET\u00c1RIO DO S\u00cdTIO WEB<\/span><\/h3><p class=\"p2\"><span class=\"s1\">Em cumprimento do disposto no art. 10 da Lei 34\/2002, de 11 de julho, dos Servi\u00e7os da Sociedade da Informa\u00e7\u00e3o e do Com\u00e9rcio Eletr\u00f3nico, informa-se que os dados de identifica\u00e7\u00e3o do titular do dom\u00ednio do site www.quironprevencion.com s\u00e3o os seguintes<\/span><\/p><ul class=\"ul1\"><li class=\"li3\"><span class=\"s3\">Nome da empresa: QUIR\u00d3N PREVENCI\u00d3N, S.L.<\/span><\/li><li class=\"li3\"><span class=\"s3\">N\u00daMERO DE IVA: B64076482<\/span><\/li><li class=\"li3\"><span class=\"s3\">Endere\u00e7o registado: C\/AGUST\u00cdN DE BETANCOURT, 25, 28003 MADRID<\/span><\/li><li class=\"li3\"><span class=\"s3\">Contacto:<br \/><\/span><span class=\"s3\">Telefone: 91 122 14 52<br \/><\/span><span class=\"s3\">Endere\u00e7o de correio eletr\u00f3nico:\u00a0<a href=\"mailto:informacion@quironprevencion.com\"><span class=\"s4\">informacion@quironprevencion.com<\/span><\/a><\/span><\/li><li class=\"li3\"><span class=\"s3\">Autoriza\u00e7\u00e3o administrativa: QUIR\u00d3N PREVENCI\u00d3N, S.L. disp\u00f5e de autoriza\u00e7\u00e3o administrativa para atuar como servi\u00e7o externo de preven\u00e7\u00e3o para as especialidades de Seguran\u00e7a no Trabalho, Higiene Industrial, Ergonomia e Psicossociologia Aplicada e Medicina do Trabalho em toda a Espanha.<\/span><\/li><\/ul><p>\u00a0<\/p><h3 class=\"p1\"><span class=\"s1\">TERMOS DE UTILIZA\u00c7\u00c3O DO S\u00cdTIO WEB<\/span><\/h3><ol class=\"ol1\"><li class=\"li3\"><span class=\"s3\">A QUIR\u00d3N PREVENCI\u00d3N, S.L. \u00e9 a titular dos direitos de propriedade intelectual e industrial reflectidos no site.\u00a0<a href=\"http:\/\/www.quironprevencion.com\/\"><span class=\"s4\">www.quironprevencion.com<\/span><\/a>, bem como todos os elementos nele contidos. O utilizador compromete-se a respeitar estes direitos.<\/span><span class=\"s1\"><br \/><\/span><\/li><li class=\"li3\"><span class=\"s3\">A utiliza\u00e7\u00e3o ou publica\u00e7\u00e3o, parcial ou total, para fins comerciais, de qualquer conte\u00fado do s\u00edtio\u00a0<a href=\"http:\/\/www.quironprevencion.com\/\"><span class=\"s4\">www.quironprevencion.com<\/span><\/a>\u00a0\u00e9 estritamente proibido sem autoriza\u00e7\u00e3o pr\u00e9via da QUIR\u00d3N PREVENCI\u00d3N, S.L. \u00c9 igualmente proibido modificar ou eliminar material ou conte\u00fados cujos direitos a QUIR\u00d3N PREVENCI\u00d3N, S.L. se reserva.<\/span><span class=\"s1\"><br \/><\/span><\/li><li class=\"li3\"><span class=\"s3\">Os operadores de s\u00edtios Web que criam liga\u00e7\u00f5es para o s\u00edtio Web de\u00a0<a href=\"http:\/\/www.quironprevencion.com\/\"><span class=\"s4\">www.quironprevencion.com<\/span><\/a>\u00a0devem informar a QUIR\u00d3N PREVENCI\u00d3N, S.L. por escrito para o endere\u00e7o registado indicado na identifica\u00e7\u00e3o do propriet\u00e1rio do s\u00edtio Web no presente aviso legal. Estas liga\u00e7\u00f5es n\u00e3o implicar\u00e3o qualquer tipo de associa\u00e7\u00e3o ou participa\u00e7\u00e3o com as entidades ligadas. A QUIR\u00d3N PREVENCI\u00d3N, S.L. reserva-se o direito de recusar este acesso em qualquer altura.<\/span><span class=\"s1\"><br \/><\/span><span class=\"s3\">No caso de qualquer utilizador do s\u00edtio Web www.quironprevencion.com entender que os conte\u00fados ou servi\u00e7os fornecidos pelas p\u00e1ginas ligadas s\u00e3o ilegais, violam valores ou princ\u00edpios constitucionais, ou prejudicam a propriedade ou os direitos do utilizador ou de terceiros, solicita-se que o notifique por escrito para o endere\u00e7o registado indicado na identifica\u00e7\u00e3o do propriet\u00e1rio do s\u00edtio Web no presente aviso legal.<\/span><span class=\"s1\"><br \/><\/span><\/li><li class=\"li3\"><span class=\"s3\">A QUIR\u00d3N PREVENCI\u00d3N, S.L. n\u00e3o se responsabiliza, em caso algum, pelos danos e preju\u00edzos de qualquer natureza que possam derivar da falta de leitura do presente aviso ou do incumprimento das obriga\u00e7\u00f5es espec\u00edficas das condi\u00e7\u00f5es aqui estabelecidas. O visitante ser\u00e1 respons\u00e1vel pelos danos e preju\u00edzos que possam ser causados ao s\u00edtio web por\u00a0<a href=\"http:\/\/www.quironprevencion.com\/\"><span class=\"s4\">www.quironprevencion.com<\/span><\/a>.<\/span><\/li><\/ol><p>\u00a0<\/p><h3 class=\"p1\"><span class=\"s1\">RESOLU\u00c7\u00c3O DE LIT\u00cdGIOS<\/span><\/h3><p class=\"p2\"><span class=\"s1\">\u00c9 aplic\u00e1vel a legisla\u00e7\u00e3o espanhola em vigor e qualquer lit\u00edgio ser\u00e1 submetido aos tribunais da cidade de Madrid.<\/span><\/p><p>\u00a0<\/p><h3 class=\"p1\"><span class=\"s1\">ACEITA\u00c7\u00c3O DA RESPONSABILIDADE PELO UTILIZADOR<\/span><\/h3><p class=\"p2\"><span class=\"s1\">A utiliza\u00e7\u00e3o do s\u00edtio Web\u00a0<a href=\"http:\/\/www.quironprevencion.com\/\"><span class=\"s6\">www.quironprevencion.com<\/span><\/a>\u00a0propriedade da QUIR\u00d3N PREVENCI\u00d3N, S.L. implica a aceita\u00e7\u00e3o das suas Condi\u00e7\u00f5es de Utiliza\u00e7\u00e3o.<\/span><\/p>\t\t\t\t\t\t\t\t<\/div>\n\t\t\t\t<\/div>\n\t\t\t\t\t<\/div>\n\t\t\t\t<\/div>\n\t\t\t\t\t<\/div>\n\t\t\t\t<\/div>\n\t\t\t\t<\/div>","protected":false},"excerpt":{"rendered":"<p>Aviso legal IDENTIFICACION DEL TITULAR DEL SITIO WEB En cumplimiento de lo previsto en el art. 10 de la Ley 34\/2002, de 11 de julio, de Servicios de la Sociedad de la Informaci\u00f3n y Comercio Electr\u00f3nico, se pone de manifiesto que los datos de identificaci\u00f3n del titular del dominio web de www.quironprevencion.com son los siguientes: [&hellip;]<\/p>\n","protected":false},"author":4,"featured_media":0,"parent":0,"menu_order":0,"comment_status":"closed","ping_status":"closed","template":"","meta":{"footnotes":""},"class_list":["post-1006","page","type-page","status-publish","hentry"],"yoast_head":"<!-- This site is optimized with the Yoast SEO plugin v27.3 - https:\/\/yoast.com\/product\/yoast-seo-wordpress\/ -->\n<title>Aviso legal - Quir\u00f3nprevenci\u00f3n<\/title>\n<meta name=\"description\" content=\"Consulta el aviso legal de Quioo: informaci\u00f3n sobre propiedad intelectual, condiciones de uso y responsabilidades de nuestra plataforma.\" \/>\n<meta name=\"robots\" content=\"noindex, nofollow\" \/>\n<meta property=\"og:locale\" content=\"pt_PT\" \/>\n<meta property=\"og:type\" content=\"article\" \/>\n<meta property=\"og:title\" content=\"Aviso legal - Quir\u00f3nprevenci\u00f3n\" \/>\n<meta property=\"og:description\" content=\"Consulta el aviso legal de Quioo: informaci\u00f3n sobre propiedad intelectual, condiciones de uso y responsabilidades de nuestra plataforma.\" \/>\n<meta property=\"og:url\" content=\"https:\/\/quioo.quironprevencion.com\/pt\/aviso-legal\/\" \/>\n<meta property=\"og:site_name\" content=\"Quir\u00f3nprevenci\u00f3n\" \/>\n<meta property=\"article:modified_time\" content=\"2026-04-24T07:36:27+00:00\" \/>\n<meta name=\"twitter:card\" content=\"summary_large_image\" \/>\n<meta name=\"twitter:label1\" content=\"Tempo estimado de leitura\" \/>\n\t<meta name=\"twitter:data1\" content=\"3 minutos\" \/>\n<script type=\"application\/ld+json\" class=\"yoast-schema-graph\">{\"@context\":\"https:\\\/\\\/schema.org\",\"@graph\":[{\"@type\":\"WebPage\",\"@id\":\"https:\\\/\\\/quioo.quironprevencion.com\\\/aviso-legal\\\/\",\"url\":\"https:\\\/\\\/quioo.quironprevencion.com\\\/aviso-legal\\\/\",\"name\":\"Aviso legal - Quir\u00f3nprevenci\u00f3n\",\"isPartOf\":{\"@id\":\"https:\\\/\\\/quioo.quironprevencion.com\\\/#website\"},\"datePublished\":\"2025-05-27T13:39:20+00:00\",\"dateModified\":\"2026-04-24T07:36:27+00:00\",\"description\":\"Consulta el aviso legal de Quioo: informaci\u00f3n sobre propiedad intelectual, condiciones de uso y responsabilidades de nuestra plataforma.\",\"breadcrumb\":{\"@id\":\"https:\\\/\\\/quioo.quironprevencion.com\\\/aviso-legal\\\/#breadcrumb\"},\"inLanguage\":\"pt-PT\",\"potentialAction\":[{\"@type\":\"ReadAction\",\"target\":[\"https:\\\/\\\/quioo.quironprevencion.com\\\/aviso-legal\\\/\"]}]},{\"@type\":\"BreadcrumbList\",\"@id\":\"https:\\\/\\\/quioo.quironprevencion.com\\\/aviso-legal\\\/#breadcrumb\",\"itemListElement\":[{\"@type\":\"ListItem\",\"position\":1,\"name\":\"Portada\",\"item\":\"https:\\\/\\\/quioo.quironprevencion.com\\\/\"},{\"@type\":\"ListItem\",\"position\":2,\"name\":\"Aviso legal\"}]},{\"@type\":\"WebSite\",\"@id\":\"https:\\\/\\\/quioo.quironprevencion.com\\\/#website\",\"url\":\"https:\\\/\\\/quioo.quironprevencion.com\\\/\",\"name\":\"Quir\u00f3nprevenci\u00f3n\",\"description\":\"\",\"publisher\":{\"@id\":\"https:\\\/\\\/quioo.quironprevencion.com\\\/#organization\"},\"potentialAction\":[{\"@type\":\"SearchAction\",\"target\":{\"@type\":\"EntryPoint\",\"urlTemplate\":\"https:\\\/\\\/quioo.quironprevencion.com\\\/?s={search_term_string}\"},\"query-input\":{\"@type\":\"PropertyValueSpecification\",\"valueRequired\":true,\"valueName\":\"search_term_string\"}}],\"inLanguage\":\"pt-PT\"},{\"@type\":\"Organization\",\"@id\":\"https:\\\/\\\/quioo.quironprevencion.com\\\/#organization\",\"name\":\"Quir\u00f3nprevenci\u00f3n\",\"url\":\"https:\\\/\\\/quioo.quironprevencion.com\\\/\",\"logo\":{\"@type\":\"ImageObject\",\"inLanguage\":\"pt-PT\",\"@id\":\"https:\\\/\\\/quioo.quironprevencion.com\\\/#\\\/schema\\\/logo\\\/image\\\/\",\"url\":\"\\\/wp-content\\\/uploads\\\/2025\\\/02\\\/logo-ok.png\",\"contentUrl\":\"\\\/wp-content\\\/uploads\\\/2025\\\/02\\\/logo-ok.png\",\"width\":104,\"height\":104,\"caption\":\"Quir\u00f3nprevenci\u00f3n\"},\"image\":{\"@id\":\"https:\\\/\\\/quioo.quironprevencion.com\\\/#\\\/schema\\\/logo\\\/image\\\/\"}}]}<\/script>\n<!-- \/ Yoast SEO plugin. -->","yoast_head_json":{"title":"Aviso legal - Quir\u00f3nprevenci\u00f3n","description":"Consulta el aviso legal de Quioo: informaci\u00f3n sobre propiedad intelectual, condiciones de uso y responsabilidades de nuestra plataforma.","robots":{"index":"noindex","follow":"nofollow"},"og_locale":"pt_PT","og_type":"article","og_title":"Aviso legal - Quir\u00f3nprevenci\u00f3n","og_description":"Consulta el aviso legal de Quioo: informaci\u00f3n sobre propiedad intelectual, condiciones de uso y responsabilidades de nuestra plataforma.","og_url":"https:\/\/quioo.quironprevencion.com\/pt\/aviso-legal\/","og_site_name":"Quir\u00f3nprevenci\u00f3n","article_modified_time":"2026-04-24T07:36:27+00:00","twitter_card":"summary_large_image","twitter_misc":{"Tempo estimado de leitura":"3 minutos"},"schema":{"@context":"https:\/\/schema.org","@graph":[{"@type":"WebPage","@id":"https:\/\/quioo.quironprevencion.com\/aviso-legal\/","url":"https:\/\/quioo.quironprevencion.com\/aviso-legal\/","name":"Aviso legal - Quir\u00f3nprevenci\u00f3n","isPartOf":{"@id":"https:\/\/quioo.quironprevencion.com\/#website"},"datePublished":"2025-05-27T13:39:20+00:00","dateModified":"2026-04-24T07:36:27+00:00","description":"Consulta el aviso legal de Quioo: informaci\u00f3n sobre propiedad intelectual, condiciones de uso y responsabilidades de nuestra plataforma.","breadcrumb":{"@id":"https:\/\/quioo.quironprevencion.com\/aviso-legal\/#breadcrumb"},"inLanguage":"pt-PT","potentialAction":[{"@type":"ReadAction","target":["https:\/\/quioo.quironprevencion.com\/aviso-legal\/"]}]},{"@type":"BreadcrumbList","@id":"https:\/\/quioo.quironprevencion.com\/aviso-legal\/#breadcrumb","itemListElement":[{"@type":"ListItem","position":1,"name":"Portada","item":"https:\/\/quioo.quironprevencion.com\/"},{"@type":"ListItem","position":2,"name":"Aviso legal"}]},{"@type":"WebSite","@id":"https:\/\/quioo.quironprevencion.com\/#website","url":"https:\/\/quioo.quironprevencion.com\/","name":"Quir\u00f3nprevenci\u00f3n","description":"","publisher":{"@id":"https:\/\/quioo.quironprevencion.com\/#organization"},"potentialAction":[{"@type":"SearchAction","target":{"@type":"EntryPoint","urlTemplate":"https:\/\/quioo.quironprevencion.com\/?s={search_term_string}"},"query-input":{"@type":"PropertyValueSpecification","valueRequired":true,"valueName":"search_term_string"}}],"inLanguage":"pt-PT"},{"@type":"Organization","@id":"https:\/\/quioo.quironprevencion.com\/#organization","name":"Quir\u00f3nprevenci\u00f3n","url":"https:\/\/quioo.quironprevencion.com\/","logo":{"@type":"ImageObject","inLanguage":"pt-PT","@id":"https:\/\/quioo.quironprevencion.com\/#\/schema\/logo\/image\/","url":"\/wp-content\/uploads\/2025\/02\/logo-ok.png","contentUrl":"\/wp-content\/uploads\/2025\/02\/logo-ok.png","width":104,"height":104,"caption":"Quir\u00f3nprevenci\u00f3n"},"image":{"@id":"https:\/\/quioo.quironprevencion.com\/#\/schema\/logo\/image\/"}}]}},"_links":{"self":[{"href":"https:\/\/quioo.quironprevencion.com\/pt\/wp-json\/wp\/v2\/pages\/1006","targetHints":{"allow":["GET"]}}],"collection":[{"href":"https:\/\/quioo.quironprevencion.com\/pt\/wp-json\/wp\/v2\/pages"}],"about":[{"href":"https:\/\/quioo.quironprevencion.com\/pt\/wp-json\/wp\/v2\/types\/page"}],"author":[{"embeddable":true,"href":"https:\/\/quioo.quironprevencion.com\/pt\/wp-json\/wp\/v2\/users\/4"}],"replies":[{"embeddable":true,"href":"https:\/\/quioo.quironprevencion.com\/pt\/wp-json\/wp\/v2\/comments?post=1006"}],"version-history":[{"count":10,"href":"https:\/\/quioo.quironprevencion.com\/pt\/wp-json\/wp\/v2\/pages\/1006\/revisions"}],"predecessor-version":[{"id":2101,"href":"https:\/\/quioo.quironprevencion.com\/pt\/wp-json\/wp\/v2\/pages\/1006\/revisions\/2101"}],"wp:attachment":[{"href":"https:\/\/quioo.quironprevencion.com\/pt\/wp-json\/wp\/v2\/media?parent=1006"}],"curies":[{"name":"wp","href":"https:\/\/api.w.org\/{rel}","templated":true}]}}