{"id":1510,"date":"2025-06-20T09:00:38","date_gmt":"2025-06-20T09:00:38","guid":{"rendered":"https:\/\/quioo.quironprevencion.com\/?page_id=1510"},"modified":"2026-03-24T09:07:39","modified_gmt":"2026-03-24T09:07:39","slug":"formulario-cae-inversa","status":"publish","type":"page","link":"https:\/\/quioo.quironprevencion.com\/pt\/formulario-cae-inversa\/","title":{"rendered":"Formul\u00e1rio - FAC invertido"},"content":{"rendered":"\t\t<div data-elementor-type=\"wp-page\" data-elementor-id=\"1510\" class=\"elementor elementor-1510\" data-elementor-post-type=\"page\">\n\t\t\t\t<div class=\"elementor-element elementor-element-8543b4f e-flex e-con-boxed e-con e-parent\" data-id=\"8543b4f\" data-element_type=\"container\" data-e-type=\"container\" id=\"formulario\" data-settings=\"{&quot;background_background&quot;:&quot;classic&quot;}\">\n\t\t\t\t\t<div class=\"e-con-inner\">\n\t\t<div class=\"elementor-element elementor-element-4484cbca e-con-full e-flex e-con e-child\" data-id=\"4484cbca\" data-element_type=\"container\" data-e-type=\"container\">\n\t\t\t\t<div class=\"elementor-element elementor-element-671990d1 elementor-widget elementor-widget-heading\" data-id=\"671990d1\" data-element_type=\"widget\" data-e-type=\"widget\" data-widget_type=\"heading.default\">\n\t\t\t\t<div class=\"elementor-widget-container\">\n\t\t\t\t\t<p class=\"elementor-heading-title elementor-size-default\">Contacta con nosotros<\/p>\t\t\t\t<\/div>\n\t\t\t\t<\/div>\n\t\t\t\t<div class=\"elementor-element elementor-element-5f9bb0a elementor-position-inline-start elementor-mobile-position-inline-start elementor-view-default elementor-widget elementor-widget-icon-box\" data-id=\"5f9bb0a\" data-element_type=\"widget\" data-e-type=\"widget\" data-widget_type=\"icon-box.default\">\n\t\t\t\t<div class=\"elementor-widget-container\">\n\t\t\t\t\t\t\t<div class=\"elementor-icon-box-wrapper\">\n\n\t\t\t\t\t\t<div class=\"elementor-icon-box-icon\">\n\t\t\t\t<a href=\"tel:910881717\" class=\"elementor-icon\" tabindex=\"-1\" aria-label=\"+34 91 088 17 17\">\n\t\t\t\t<svg xmlns=\"http:\/\/www.w3.org\/2000\/svg\" width=\"24\" height=\"25\" viewBox=\"0 0 24 25\" fill=\"none\"><circle cx=\"12.089\" cy=\"12.6349\" r=\"11.839\" fill=\"#E03E52\"><\/circle><path d=\"M7.79806 7.24969C7.96194 7.23801 8.12703 7.23801 8.2909 7.24502C8.35694 7.24969 8.42298 7.2567 8.48902 7.2637C8.68346 7.28473 8.89747 7.39802 8.96963 7.55453C9.33406 8.34408 9.6887 9.13947 10.0311 9.93719C10.1069 10.1147 10.0617 10.3425 9.91739 10.5644C9.81815 10.7145 9.71079 10.8595 9.59576 10.9989C9.45757 11.1682 9.1604 11.4789 9.1604 11.4789C9.1604 11.4789 9.03933 11.6167 9.0858 11.7884C9.10292 11.8538 9.15918 11.9484 9.21054 12.0279L9.28269 12.1388C9.59576 12.6375 10.0164 13.1433 10.5301 13.6198C10.6768 13.7553 10.8199 13.8943 10.974 14.0239C11.5463 14.5063 12.1945 14.8999 12.894 15.1919L12.9001 15.1942C13.004 15.2375 13.0566 15.2608 13.2083 15.3227C13.2841 15.3531 13.3624 15.3799 13.4419 15.3998C13.524 15.4198 13.6105 15.416 13.6904 15.389C13.7703 15.362 13.84 15.3129 13.8907 15.248C14.7761 14.2237 14.8568 14.1571 14.8641 14.1571V14.1594C14.9256 14.1046 14.9987 14.063 15.0784 14.0375C15.1582 14.0119 15.2427 14.0029 15.3264 14.0111C15.3998 14.0158 15.4744 14.0286 15.5428 14.0578C16.1922 14.3416 17.2549 14.7843 17.2549 14.7843L17.9667 15.0891C18.0865 15.144 18.1954 15.2737 18.199 15.3986C18.2039 15.4769 18.2113 15.603 18.1831 15.8343C18.144 16.1368 18.0486 16.5 17.9532 16.6904C17.8879 16.8203 17.8012 16.9394 17.6964 17.0431C17.573 17.1669 17.4379 17.2795 17.2928 17.3795C17.2427 17.4156 17.1917 17.4506 17.14 17.4846C16.9879 17.5768 16.8316 17.6625 16.6716 17.7416C16.3567 17.9013 16.009 17.993 15.6529 18.0102C15.4267 18.0219 15.2004 18.0383 14.973 18.0266C14.9632 18.0266 14.2783 17.925 14.2783 17.925C12.5396 17.4882 10.9317 16.6699 9.58231 15.5353C9.30593 15.3029 9.05034 15.0529 8.78863 14.8041C7.70023 13.7705 6.87843 12.6551 6.37947 11.6016C6.12409 11.0845 5.98614 10.5217 5.97469 9.95004C5.96965 9.24091 6.21236 8.55042 6.66442 7.98785C6.75369 7.87806 6.83807 7.7636 6.9836 7.63162C7.13891 7.49146 7.23674 7.41671 7.34314 7.36532C7.4846 7.29761 7.63892 7.25789 7.79684 7.24852L7.79806 7.24969Z\" fill=\"white\"><\/path><\/svg>\t\t\t\t<\/a>\n\t\t\t<\/div>\n\t\t\t\n\t\t\t\t\t\t<div class=\"elementor-icon-box-content\">\n\n\t\t\t\t\t\t\t\t\t<p class=\"elementor-icon-box-title\">\n\t\t\t\t\t\t<a href=\"tel:910881717\" >\n\t\t\t\t\t\t\t+34 91 088 17 17\t\t\t\t\t\t<\/a>\n\t\t\t\t\t<\/p>\n\t\t\t\t\n\t\t\t\t\n\t\t\t<\/div>\n\t\t\t\n\t\t<\/div>\n\t\t\t\t\t\t<\/div>\n\t\t\t\t<\/div>\n\t\t\t\t<div class=\"elementor-element elementor-element-3126537c elementor-position-inline-start elementor-mobile-position-inline-start elementor-view-default elementor-widget elementor-widget-icon-box\" data-id=\"3126537c\" data-element_type=\"widget\" data-e-type=\"widget\" data-widget_type=\"icon-box.default\">\n\t\t\t\t<div class=\"elementor-widget-container\">\n\t\t\t\t\t\t\t<div class=\"elementor-icon-box-wrapper\">\n\n\t\t\t\t\t\t<div class=\"elementor-icon-box-icon\">\n\t\t\t\t<a href=\"mailto:comercialquioo@qsafety.es\" class=\"elementor-icon\" tabindex=\"-1\" aria-label=\"comercialquioo@qsafety.es\">\n\t\t\t\t<svg xmlns=\"http:\/\/www.w3.org\/2000\/svg\" width=\"24\" height=\"24\" viewBox=\"0 0 24 24\" fill=\"none\"><circle cx=\"12.089\" cy=\"11.9728\" r=\"11.839\" fill=\"#E03E52\"><\/circle><path d=\"M16.2157 8.35254H7.96169C7.55138 8.35297 7.15801 8.50176 6.86787 8.76628C6.57773 9.03079 6.41453 9.38944 6.41406 9.76352V15.4074C6.41453 15.7815 6.57773 16.1402 6.86787 16.4047C7.15801 16.6692 7.55138 16.818 7.96169 16.8184H16.2157C16.6261 16.818 17.0194 16.6692 17.3096 16.4047C17.5997 16.1402 17.7629 15.7815 17.7634 15.4074V9.76352C17.7629 9.38944 17.5997 9.03079 17.3096 8.76628C17.0194 8.50176 16.6261 8.35297 16.2157 8.35254ZM7.96169 9.2932H16.2157C16.3182 9.29332 16.4182 9.32119 16.5032 9.37327C16.5882 9.42535 16.6543 9.49929 16.6931 9.58569L12.7789 12.7974C12.5897 12.9532 12.3438 13.0395 12.0887 13.0395C11.8337 13.0395 11.5878 12.9532 11.3985 12.7974L7.4844 9.58569C7.52319 9.49929 7.58927 9.42536 7.67426 9.37328C7.75925 9.3212 7.85929 9.29332 7.96169 9.2932ZM16.2157 15.8778H7.96169C7.82492 15.8776 7.6938 15.828 7.59709 15.7399C7.50038 15.6517 7.44598 15.5321 7.44583 15.4074V10.8196L10.7083 13.4966C11.0868 13.8083 11.5787 13.9809 12.0887 13.9809C12.5988 13.9809 13.0907 13.8083 13.4691 13.4966L16.7316 10.8196V15.4074C16.7315 15.5321 16.6771 15.6517 16.5804 15.7399C16.4836 15.828 16.3525 15.8776 16.2157 15.8778Z\" fill=\"white\"><\/path><\/svg>\t\t\t\t<\/a>\n\t\t\t<\/div>\n\t\t\t\n\t\t\t\t\t\t<div class=\"elementor-icon-box-content\">\n\n\t\t\t\t\t\t\t\t\t<p class=\"elementor-icon-box-title\">\n\t\t\t\t\t\t<a href=\"mailto:comercialquioo@qsafety.es\" >\n\t\t\t\t\t\t\tcomercialquioo@qsafety.es\t\t\t\t\t\t<\/a>\n\t\t\t\t\t<\/p>\n\t\t\t\t\n\t\t\t\t\n\t\t\t<\/div>\n\t\t\t\n\t\t<\/div>\n\t\t\t\t\t\t<\/div>\n\t\t\t\t<\/div>\n\t\t\t\t<\/div>\n\t\t<div class=\"elementor-element elementor-element-7c7cf38c e-con-full e-flex e-con e-child\" data-id=\"7c7cf38c\" data-element_type=\"container\" data-e-type=\"container\">\n\t\t\t\t<div class=\"elementor-element elementor-element-3423b0e4 elementor-widget elementor-widget-heading\" data-id=\"3423b0e4\" data-element_type=\"widget\" data-e-type=\"widget\" data-widget_type=\"heading.default\">\n\t\t\t\t<div class=\"elementor-widget-container\">\n\t\t\t\t\t<h1 class=\"elementor-heading-title elementor-size-default\">Rellena el formulario y prueba una demo gratis<\/h1>\t\t\t\t<\/div>\n\t\t\t\t<\/div>\n\t\t\t\t<div class=\"elementor-element elementor-element-486adab7 elementor-button-align-start elementor-widget elementor-widget-form\" data-id=\"486adab7\" data-element_type=\"widget\" data-e-type=\"widget\" data-settings=\"{&quot;step_next_label&quot;:&quot;Siguiente&quot;,&quot;step_previous_label&quot;:&quot;Anterior&quot;,&quot;button_width&quot;:&quot;100&quot;,&quot;step_type&quot;:&quot;number_text&quot;,&quot;step_icon_shape&quot;:&quot;circle&quot;}\" data-widget_type=\"form.default\">\n\t\t\t\t<div class=\"elementor-widget-container\">\n\t\t\t\t\t\t\t<form class=\"elementor-form\" method=\"post\" name=\"Nuevo formulario\" aria-label=\"Nuevo formulario\">\n\t\t\t<input type=\"hidden\" name=\"post_id\" value=\"1510\"\/>\n\t\t\t<input type=\"hidden\" name=\"form_id\" value=\"486adab7\"\/>\n\t\t\t<input type=\"hidden\" name=\"referer_title\" value=\"Quioo Plataforma CAE\" \/>\n\n\t\t\t\t\t\t\t<input type=\"hidden\" name=\"queried_id\" value=\"1510\"\/>\n\t\t\t\n\t\t\t<div class=\"elementor-form-fields-wrapper elementor-labels-\">\n\t\t\t\t\t\t\t\t<div class=\"elementor-field-type-text elementor-field-group elementor-column elementor-field-group-nombre elementor-col-50 elementor-field-required\">\n\t\t\t\t\t\t\t\t\t\t\t\t<label for=\"form-field-nombre\" class=\"elementor-field-label elementor-screen-only\">\n\t\t\t\t\t\t\t\tNombre y apellidos*\t\t\t\t\t\t\t<\/label>\n\t\t\t\t\t\t\t\t\t\t\t\t\t\t<input size=\"1\" type=\"text\" name=\"form_fields[nombre]\" id=\"form-field-nombre\" class=\"elementor-field elementor-size-sm  elementor-field-textual\" placeholder=\"Nombre y apellidos*\" required=\"required\">\n\t\t\t\t\t\t\t\t\t\t\t<\/div>\n\t\t\t\t\t\t\t\t<div class=\"elementor-field-type-tel elementor-field-group elementor-column elementor-field-group-telefono elementor-col-50 elementor-field-required\">\n\t\t\t\t\t\t\t\t\t\t\t\t<label for=\"form-field-telefono\" class=\"elementor-field-label elementor-screen-only\">\n\t\t\t\t\t\t\t\tTel\u00e9fono\t\t\t\t\t\t\t<\/label>\n\t\t\t\t\t\t\t\t<input size=\"1\" type=\"tel\" name=\"form_fields[telefono]\" id=\"form-field-telefono\" class=\"elementor-field elementor-size-sm  elementor-field-textual\" placeholder=\"Tel\u00e9fono\" required=\"required\" pattern=\"[0-9()#&amp;+*-=.]+\" title=\"S\u00f3 s\u00e3o aceites n\u00fameros e caracteres de telefone (#, -, *, etc.).\">\n\n\t\t\t\t\t\t<\/div>\n\t\t\t\t\t\t\t\t<div class=\"elementor-field-type-email elementor-field-group elementor-column elementor-field-group-email elementor-col-100 elementor-md-50 elementor-field-required\">\n\t\t\t\t\t\t\t\t\t\t\t\t<label for=\"form-field-email\" class=\"elementor-field-label elementor-screen-only\">\n\t\t\t\t\t\t\t\tE-mail*\t\t\t\t\t\t\t<\/label>\n\t\t\t\t\t\t\t\t\t\t\t\t\t\t<input size=\"1\" type=\"email\" name=\"form_fields[email]\" id=\"form-field-email\" class=\"elementor-field elementor-size-sm  elementor-field-textual\" placeholder=\"E-mail*\" required=\"required\">\n\t\t\t\t\t\t\t\t\t\t\t<\/div>\n\t\t\t\t\t\t\t\t<div class=\"elementor-field-type-text elementor-field-group elementor-column elementor-field-group-empresa elementor-col-50 elementor-field-required\">\n\t\t\t\t\t\t\t\t\t\t\t\t<label for=\"form-field-empresa\" class=\"elementor-field-label elementor-screen-only\">\n\t\t\t\t\t\t\t\tEmpresa*\t\t\t\t\t\t\t<\/label>\n\t\t\t\t\t\t\t\t\t\t\t\t\t\t<input size=\"1\" type=\"text\" name=\"form_fields[empresa]\" id=\"form-field-empresa\" class=\"elementor-field elementor-size-sm  elementor-field-textual\" placeholder=\"Empresa*\" required=\"required\">\n\t\t\t\t\t\t\t\t\t\t\t<\/div>\n\t\t\t\t\t\t\t\t<div class=\"elementor-field-type-textarea elementor-field-group elementor-column elementor-field-group-mensaje elementor-col-100\">\n\t\t\t\t\t\t\t\t\t\t\t\t<label for=\"form-field-mensaje\" class=\"elementor-field-label elementor-screen-only\">\n\t\t\t\t\t\t\t\tEscr\u00edbenos tu requerimiento\t\t\t\t\t\t\t<\/label>\n\t\t\t\t\t\t<textarea class=\"elementor-field-textual elementor-field  elementor-size-sm\" name=\"form_fields[mensaje]\" id=\"form-field-mensaje\" rows=\"4\" placeholder=\"Escr\u00edbenos tu requerimiento\"><\/textarea>\t\t\t\t<\/div>\n\t\t\t\t\t\t\t\t<div class=\"elementor-field-type-acceptance elementor-field-group elementor-column elementor-field-group-field_26badf4 elementor-col-100 elementor-field-required\">\n\t\t\t\t\t\t\t<div class=\"elementor-field-subgroup\">\n\t\t\t<span class=\"elementor-field-option\">\n\t\t\t\t<input type=\"checkbox\" name=\"form_fields[field_26badf4]\" id=\"form-field-field_26badf4\" class=\"elementor-field elementor-size-sm  elementor-acceptance-field\" required=\"required\">\n\t\t\t\t<label for=\"form-field-field_26badf4\">S\u00ed, estoy de acuerdo con la <a href=\"https:\/\/quioo.quironprevencion.com\/politica-de-privacidad\/\">Pol\u00edtica de Privacidad<\/a> de Quir\u00f3n Prevenci\u00f3n<\/label>\t\t\t<\/span>\n\t\t<\/div>\n\t\t\t\t\t\t<\/div>\n\t\t\t\t\t\t\t\t<div class=\"elementor-field-type-recaptcha_v3 elementor-field-group elementor-column elementor-field-group-field_73dbe37 elementor-col-100 recaptcha_v3-bottomright\">\n\t\t\t\t\t<div class=\"elementor-field\" id=\"form-field-field_73dbe37\"><div class=\"elementor-g-recaptcha\" data-sitekey=\"6LfkglorAAAAACLpGphQ4eZp7QAOErc-a1JoY7eK\" data-type=\"v3\" data-action=\"Form\" data-badge=\"bottomright\" data-size=\"invisible\"><\/div><\/div>\t\t\t\t<\/div>\n\t\t\t\t\t\t\t\t<div class=\"elementor-field-type-text\">\n\t\t\t\t\t<input size=\"1\" type=\"text\" name=\"form_fields[field_951cd1d]\" id=\"form-field-field_951cd1d\" class=\"elementor-field elementor-size-sm \" style=\"display:none !important;\">\t\t\t\t<\/div>\n\t\t\t\t\t\t\t\t<div class=\"elementor-field-group elementor-column elementor-field-type-submit elementor-col-100 e-form__buttons\">\n\t\t\t\t\t<button class=\"elementor-button elementor-size-sm\" type=\"submit\">\n\t\t\t\t\t\t<span class=\"elementor-button-content-wrapper\">\n\t\t\t\t\t\t\t\t\t\t\t\t\t\t\t\t\t\t\t\t\t\t<span class=\"elementor-button-text\">Enviar<\/span>\n\t\t\t\t\t\t\t\t\t\t\t\t\t<\/span>\n\t\t\t\t\t<\/button>\n\t\t\t\t<\/div>\n\t\t\t<\/div>\n\t\t<\/form>\n\t\t\t\t\t\t<\/div>\n\t\t\t\t<\/div>\n\t\t\t\t<\/div>\n\t\t<div class=\"elementor-element elementor-element-1239fdac e-con-full e-flex e-con e-child\" data-id=\"1239fdac\" data-element_type=\"container\" data-e-type=\"container\">\n\t\t\t\t<div class=\"elementor-element elementor-element-bb3c02f elementor-widget elementor-widget-text-editor\" data-id=\"bb3c02f\" data-element_type=\"widget\" data-e-type=\"widget\" data-widget_type=\"text-editor.default\">\n\t\t\t\t<div class=\"elementor-widget-container\">\n\t\t\t\t\t\t\t\t\tLa presente pol\u00edtica de privacidad est\u00e1 establecida conforme a lo dispuesto en la normativa vigente en materia de Protecci\u00f3n de Datos de Car\u00e1cter Personal.\t\t\t\t\t\t\t\t<\/div>\n\t\t\t\t<\/div>\n\t\t\t\t<div class=\"elementor-element elementor-element-6ffcef04 elementor-widget elementor-widget-n-accordion\" data-id=\"6ffcef04\" data-element_type=\"widget\" data-e-type=\"widget\" data-settings=\"{&quot;default_state&quot;:&quot;all_collapsed&quot;,&quot;max_items_expended&quot;:&quot;one&quot;,&quot;n_accordion_animation_duration&quot;:{&quot;unit&quot;:&quot;ms&quot;,&quot;size&quot;:400,&quot;sizes&quot;:[]}}\" data-widget_type=\"nested-accordion.default\">\n\t\t\t\t<div class=\"elementor-widget-container\">\n\t\t\t\t\t\t\t<div class=\"e-n-accordion\" aria-label=\"Accordion. Open links with Enter or Space, close with Escape, and navigate with Arrow Keys\">\n\t\t\t\t\t\t<details id=\"e-n-accordion-item-1870\" class=\"e-n-accordion-item\" >\n\t\t\t\t<summary class=\"e-n-accordion-item-title\" data-accordion-index=\"1\" tabindex=\"0\" aria-expanded=\"false\" aria-controls=\"e-n-accordion-item-1870\" >\n\t\t\t\t\t<span class='e-n-accordion-item-title-header'><div class=\"e-n-accordion-item-title-text\"> Leer m\u00e1s <\/div><\/span>\n\t\t\t\t\t\t\t\t\t<\/summary>\n\t\t\t\t<div role=\"region\" aria-labelledby=\"e-n-accordion-item-1870\" class=\"elementor-element elementor-element-71a4405b e-con-full e-flex e-con e-child\" data-id=\"71a4405b\" data-element_type=\"container\" data-e-type=\"container\">\n\t\t\t\t<div class=\"elementor-element elementor-element-61690a9b elementor-widget elementor-widget-text-editor\" data-id=\"61690a9b\" data-element_type=\"widget\" data-e-type=\"widget\" data-widget_type=\"text-editor.default\">\n\t\t\t\t<div class=\"elementor-widget-container\">\n\t\t\t\t\t\t\t\t\t<p class=\"p4\"><span class=\"s1\">En general, puede usar el Sitio Web sin facilitar ninguna informaci\u00f3n de car\u00e1cter personal.<\/span><\/p><p class=\"p4\"><span class=\"s1\">Disponemos de varias secciones en nuestra p\u00e1gina web en las cuales existen formularios de recogida de datos personales que son necesarios para poder prestarle los servicios que nos solicita.<\/span><\/p>\t\t\t\t\t\t\t\t<\/div>\n\t\t\t\t<\/div>\n\t\t\t\t<\/div>\n\t\t\t\t\t<\/details>\n\t\t\t\t\t<\/div>\n\t\t\t\t\t\t<\/div>\n\t\t\t\t<\/div>\n\t\t\t\t<\/div>\n\t\t\t\t\t<\/div>\n\t\t\t\t<\/div>\n\t\t\t\t<\/div>\n\t\t","protected":false},"excerpt":{"rendered":"<p>Contacta con nosotros +34 91 088 17 17 comercialquioo@qsafety.es Rellena el formulario y prueba una demo gratis La presente pol\u00edtica de privacidad est\u00e1 establecida conforme a lo dispuesto en la normativa vigente en materia de Protecci\u00f3n de Datos de Car\u00e1cter Personal. Leer m\u00e1s En general, puede usar el Sitio Web sin facilitar ninguna informaci\u00f3n de [&hellip;]<\/p>\n","protected":false},"author":1,"featured_media":0,"parent":0,"menu_order":0,"comment_status":"closed","ping_status":"closed","template":"elementor_theme","meta":{"footnotes":""},"class_list":["post-1510","page","type-page","status-publish","hentry"],"yoast_head":"<!-- This site is optimized with the Yoast SEO plugin v27.3 - https:\/\/yoast.com\/product\/yoast-seo-wordpress\/ -->\n<title>Quioo Plataforma CAE<\/title>\n<meta name=\"description\" content=\"Quioo, la plataforma CAE de Quir\u00f3nprevenci\u00f3n, optimiza la gesti\u00f3n documental, automatiza procesos, asegura el cumplimiento y agiliza tareas\" \/>\n<meta name=\"robots\" content=\"index, follow, max-snippet:-1, max-image-preview:large, max-video-preview:-1\" \/>\n<link rel=\"canonical\" href=\"https:\/\/quioo.quironprevencion.com\/pt\/formulario-cae-inversa\/\" \/>\n<meta property=\"og:locale\" content=\"pt_PT\" \/>\n<meta property=\"og:type\" content=\"article\" \/>\n<meta property=\"og:title\" content=\"Quioo Plataforma CAE\" \/>\n<meta property=\"og:description\" content=\"Quioo, la plataforma CAE de Quir\u00f3nprevenci\u00f3n, optimiza la gesti\u00f3n documental, automatiza procesos, asegura el cumplimiento y agiliza tareas\" \/>\n<meta property=\"og:url\" content=\"https:\/\/quioo.quironprevencion.com\/pt\/formulario-cae-inversa\/\" \/>\n<meta property=\"og:site_name\" content=\"Quir\u00f3nprevenci\u00f3n\" \/>\n<meta property=\"article:modified_time\" content=\"2026-03-24T09:07:39+00:00\" \/>\n<meta name=\"twitter:card\" content=\"summary_large_image\" \/>\n<meta name=\"twitter:label1\" content=\"Tempo estimado de leitura\" \/>\n\t<meta name=\"twitter:data1\" content=\"1 minuto\" \/>\n<script type=\"application\/ld+json\" class=\"yoast-schema-graph\">{\"@context\":\"https:\\\/\\\/schema.org\",\"@graph\":[{\"@type\":\"WebPage\",\"@id\":\"https:\\\/\\\/quioo.quironprevencion.com\\\/formulario-cae-inversa\\\/\",\"url\":\"https:\\\/\\\/quioo.quironprevencion.com\\\/formulario-cae-inversa\\\/\",\"name\":\"Quioo Plataforma CAE\",\"isPartOf\":{\"@id\":\"https:\\\/\\\/quioo.quironprevencion.com\\\/#website\"},\"datePublished\":\"2025-06-20T09:00:38+00:00\",\"dateModified\":\"2026-03-24T09:07:39+00:00\",\"description\":\"Quioo, la plataforma CAE de Quir\u00f3nprevenci\u00f3n, optimiza la gesti\u00f3n documental, automatiza procesos, asegura el cumplimiento y agiliza tareas\",\"breadcrumb\":{\"@id\":\"https:\\\/\\\/quioo.quironprevencion.com\\\/formulario-cae-inversa\\\/#breadcrumb\"},\"inLanguage\":\"pt-PT\",\"potentialAction\":[{\"@type\":\"ReadAction\",\"target\":[\"https:\\\/\\\/quioo.quironprevencion.com\\\/formulario-cae-inversa\\\/\"]}]},{\"@type\":\"BreadcrumbList\",\"@id\":\"https:\\\/\\\/quioo.quironprevencion.com\\\/formulario-cae-inversa\\\/#breadcrumb\",\"itemListElement\":[{\"@type\":\"ListItem\",\"position\":1,\"name\":\"Portada\",\"item\":\"https:\\\/\\\/quioo.quironprevencion.com\\\/\"},{\"@type\":\"ListItem\",\"position\":2,\"name\":\"Formulario &#8211; CAE Inversa\"}]},{\"@type\":\"WebSite\",\"@id\":\"https:\\\/\\\/quioo.quironprevencion.com\\\/#website\",\"url\":\"https:\\\/\\\/quioo.quironprevencion.com\\\/\",\"name\":\"Quir\u00f3nprevenci\u00f3n\",\"description\":\"\",\"publisher\":{\"@id\":\"https:\\\/\\\/quioo.quironprevencion.com\\\/#organization\"},\"potentialAction\":[{\"@type\":\"SearchAction\",\"target\":{\"@type\":\"EntryPoint\",\"urlTemplate\":\"https:\\\/\\\/quioo.quironprevencion.com\\\/?s={search_term_string}\"},\"query-input\":{\"@type\":\"PropertyValueSpecification\",\"valueRequired\":true,\"valueName\":\"search_term_string\"}}],\"inLanguage\":\"pt-PT\"},{\"@type\":\"Organization\",\"@id\":\"https:\\\/\\\/quioo.quironprevencion.com\\\/#organization\",\"name\":\"Quir\u00f3nprevenci\u00f3n\",\"url\":\"https:\\\/\\\/quioo.quironprevencion.com\\\/\",\"logo\":{\"@type\":\"ImageObject\",\"inLanguage\":\"pt-PT\",\"@id\":\"https:\\\/\\\/quioo.quironprevencion.com\\\/#\\\/schema\\\/logo\\\/image\\\/\",\"url\":\"\\\/wp-content\\\/uploads\\\/2025\\\/02\\\/logo-ok.png\",\"contentUrl\":\"\\\/wp-content\\\/uploads\\\/2025\\\/02\\\/logo-ok.png\",\"width\":104,\"height\":104,\"caption\":\"Quir\u00f3nprevenci\u00f3n\"},\"image\":{\"@id\":\"https:\\\/\\\/quioo.quironprevencion.com\\\/#\\\/schema\\\/logo\\\/image\\\/\"}}]}<\/script>\n<!-- \/ Yoast SEO plugin. -->","yoast_head_json":{"title":"Plataforma Quioo CAE","description":"Quioo, a plataforma CAE da Quir\u00f3nprevenci\u00f3n, optimiza a gest\u00e3o documental, automatiza os processos, garante a conformidade e acelera as tarefas","robots":{"index":"index","follow":"follow","max-snippet":"max-snippet:-1","max-image-preview":"max-image-preview:large","max-video-preview":"max-video-preview:-1"},"canonical":"https:\/\/quioo.quironprevencion.com\/pt\/formulario-cae-inversa\/","og_locale":"pt_PT","og_type":"article","og_title":"Quioo Plataforma CAE","og_description":"Quioo, la plataforma CAE de Quir\u00f3nprevenci\u00f3n, optimiza la gesti\u00f3n documental, automatiza procesos, asegura el cumplimiento y agiliza tareas","og_url":"https:\/\/quioo.quironprevencion.com\/pt\/formulario-cae-inversa\/","og_site_name":"Quir\u00f3nprevenci\u00f3n","article_modified_time":"2026-03-24T09:07:39+00:00","twitter_card":"summary_large_image","twitter_misc":{"Tempo estimado de leitura":"1 minuto"},"schema":{"@context":"https:\/\/schema.org","@graph":[{"@type":"WebPage","@id":"https:\/\/quioo.quironprevencion.com\/formulario-cae-inversa\/","url":"https:\/\/quioo.quironprevencion.com\/formulario-cae-inversa\/","name":"Plataforma Quioo CAE","isPartOf":{"@id":"https:\/\/quioo.quironprevencion.com\/#website"},"datePublished":"2025-06-20T09:00:38+00:00","dateModified":"2026-03-24T09:07:39+00:00","description":"Quioo, a plataforma CAE da Quir\u00f3nprevenci\u00f3n, optimiza a gest\u00e3o documental, automatiza os processos, garante a conformidade e acelera as tarefas","breadcrumb":{"@id":"https:\/\/quioo.quironprevencion.com\/formulario-cae-inversa\/#breadcrumb"},"inLanguage":"pt-PT","potentialAction":[{"@type":"ReadAction","target":["https:\/\/quioo.quironprevencion.com\/formulario-cae-inversa\/"]}]},{"@type":"BreadcrumbList","@id":"https:\/\/quioo.quironprevencion.com\/formulario-cae-inversa\/#breadcrumb","itemListElement":[{"@type":"ListItem","position":1,"name":"Portada","item":"https:\/\/quioo.quironprevencion.com\/"},{"@type":"ListItem","position":2,"name":"Formulario &#8211; CAE Inversa"}]},{"@type":"WebSite","@id":"https:\/\/quioo.quironprevencion.com\/#website","url":"https:\/\/quioo.quironprevencion.com\/","name":"Quir\u00f3nprevenci\u00f3n","description":"","publisher":{"@id":"https:\/\/quioo.quironprevencion.com\/#organization"},"potentialAction":[{"@type":"SearchAction","target":{"@type":"EntryPoint","urlTemplate":"https:\/\/quioo.quironprevencion.com\/?s={search_term_string}"},"query-input":{"@type":"PropertyValueSpecification","valueRequired":true,"valueName":"search_term_string"}}],"inLanguage":"pt-PT"},{"@type":"Organization","@id":"https:\/\/quioo.quironprevencion.com\/#organization","name":"Quir\u00f3nprevenci\u00f3n","url":"https:\/\/quioo.quironprevencion.com\/","logo":{"@type":"ImageObject","inLanguage":"pt-PT","@id":"https:\/\/quioo.quironprevencion.com\/#\/schema\/logo\/image\/","url":"\/wp-content\/uploads\/2025\/02\/logo-ok.png","contentUrl":"\/wp-content\/uploads\/2025\/02\/logo-ok.png","width":104,"height":104,"caption":"Quir\u00f3nprevenci\u00f3n"},"image":{"@id":"https:\/\/quioo.quironprevencion.com\/#\/schema\/logo\/image\/"}}]}},"_links":{"self":[{"href":"https:\/\/quioo.quironprevencion.com\/pt\/wp-json\/wp\/v2\/pages\/1510","targetHints":{"allow":["GET"]}}],"collection":[{"href":"https:\/\/quioo.quironprevencion.com\/pt\/wp-json\/wp\/v2\/pages"}],"about":[{"href":"https:\/\/quioo.quironprevencion.com\/pt\/wp-json\/wp\/v2\/types\/page"}],"author":[{"embeddable":true,"href":"https:\/\/quioo.quironprevencion.com\/pt\/wp-json\/wp\/v2\/users\/1"}],"replies":[{"embeddable":true,"href":"https:\/\/quioo.quironprevencion.com\/pt\/wp-json\/wp\/v2\/comments?post=1510"}],"version-history":[{"count":16,"href":"https:\/\/quioo.quironprevencion.com\/pt\/wp-json\/wp\/v2\/pages\/1510\/revisions"}],"predecessor-version":[{"id":2063,"href":"https:\/\/quioo.quironprevencion.com\/pt\/wp-json\/wp\/v2\/pages\/1510\/revisions\/2063"}],"wp:attachment":[{"href":"https:\/\/quioo.quironprevencion.com\/pt\/wp-json\/wp\/v2\/media?parent=1510"}],"curies":[{"name":"wp","href":"https:\/\/api.w.org\/{rel}","templated":true}]}}