{"id":998,"date":"2025-05-27T13:39:03","date_gmt":"2025-05-27T13:39:03","guid":{"rendered":"https:\/\/quioo.quironprevencion.com\/?page_id=998"},"modified":"2025-06-12T12:15:35","modified_gmt":"2025-06-12T12:15:35","slug":"politica-de-privacidad","status":"publish","type":"page","link":"https:\/\/quioo.quironprevencion.com\/pt\/politica-de-privacidad\/","title":{"rendered":"Pol\u00edtica de privacidade"},"content":{"rendered":"<div data-elementor-type=\"wp-page\" data-elementor-id=\"998\" class=\"elementor elementor-998\" data-elementor-post-type=\"page\">\n\t\t\t\t<div class=\"elementor-element elementor-element-e3d3ec0 e-flex e-con-boxed e-con e-parent\" data-id=\"e3d3ec0\" data-element_type=\"container\" data-e-type=\"container\" data-settings=\"{&quot;background_background&quot;:&quot;gradient&quot;}\">\n\t\t\t\t\t<div class=\"e-con-inner\">\n\t\t\t\t<div class=\"elementor-element elementor-element-f31b76b elementor-widget__width-initial elementor-invisible elementor-widget elementor-widget-heading\" data-id=\"f31b76b\" data-element_type=\"widget\" data-e-type=\"widget\" data-settings=\"{&quot;_animation&quot;:&quot;fadeIn&quot;,&quot;_animation_delay&quot;:200}\" data-widget_type=\"heading.default\">\n\t\t\t\t<div class=\"elementor-widget-container\">\n\t\t\t\t\t<h1 class=\"elementor-heading-title elementor-size-default\">Pol\u00edtica de privacidade<\/h1>\t\t\t\t<\/div>\n\t\t\t\t<\/div>\n\t\t\t\t\t<\/div>\n\t\t\t\t<\/div>\n\t\t<div class=\"elementor-element elementor-element-b08a62f e-flex e-con-boxed e-con e-parent\" data-id=\"b08a62f\" data-element_type=\"container\" data-e-type=\"container\">\n\t\t\t\t\t<div class=\"e-con-inner\">\n\t\t<div class=\"elementor-element elementor-element-a074245 e-flex e-con-boxed e-con e-child\" data-id=\"a074245\" data-element_type=\"container\" data-e-type=\"container\">\n\t\t\t\t\t<div class=\"e-con-inner\">\n\t\t\t\t<div class=\"elementor-element elementor-element-91fc450 elementor-widget elementor-widget-text-editor\" data-id=\"91fc450\" data-element_type=\"widget\" data-e-type=\"widget\" data-widget_type=\"text-editor.default\">\n\t\t\t\t<div class=\"elementor-widget-container\">\n\t\t\t\t\t\t\t\t\t<p class=\"p1\"><span class=\"s1\">Em conformidade com o Regulamento (UE) 2016\/679 do Parlamento e do Conselho, de 27 de abril de 2016, relativo \u00e0 prote\u00e7\u00e3o das pessoas singulares no que diz respeito ao tratamento dos seus dados pessoais e \u00e0 livre circula\u00e7\u00e3o desses dados, e com a Lei Org\u00e2nica 3\/2018, de 5 de dezembro, relativa \u00e0 prote\u00e7\u00e3o dos dados pessoais e \u00e0 garantia dos direitos digitais, os utilizadores deste s\u00edtio Web s\u00e3o informados dos seguintes aspectos:<\/span><\/p><h3>\u00a0<\/h3><h3 class=\"p3\"><span class=\"s1\">Quem \u00e9 respons\u00e1vel pelo tratamento dos seus dados?<\/span><\/h3><p class=\"p4\"><span class=\"s1\">Identidade: Quir\u00f3n Prevenci\u00f3n, S.L.U. - CIF: B64076482<br \/><\/span><span class=\"s1\">Endere\u00e7o: C\/ Agust\u00edn de Betancourt, n\u00ba 25 - 28003 Madrid<br \/><\/span><span class=\"s1\">Telefone: 91 122 14 52<br \/><\/span><span class=\"s3\">Correio eletr\u00f3nico:\u00a0<a href=\"mailto:informacion@quironprevencion.com\"><span class=\"s4\">informacion@quironprevencion.com<\/span><\/a><br \/><\/span><span class=\"s1\">Contactar o respons\u00e1vel pela prote\u00e7\u00e3o de dados:\u00a0<a href=\"mailto:dpo@quironprevencion.com\"><span class=\"s4\">dpo@quironprevencion.com<\/span><\/a><\/span><\/p><p>\u00a0<\/p><h3 class=\"p3\"><span class=\"s1\">Que informa\u00e7\u00f5es processamos?<\/span><\/h3><p class=\"p4\"><span class=\"s1\">Em geral, o utilizador pode utilizar o s\u00edtio Web sem fornecer quaisquer informa\u00e7\u00f5es pessoais.<\/span><\/p><p class=\"p4\"><span class=\"s1\">Temos v\u00e1rias sec\u00e7\u00f5es no nosso s\u00edtio Web nas quais existem formul\u00e1rios de recolha de dados pessoais necess\u00e1rios \u00e0 presta\u00e7\u00e3o dos servi\u00e7os solicitados.<\/span><\/p><p class=\"p4\"><span class=\"s1\">Ao enviar-nos qualquer um destes formul\u00e1rios de pedido de informa\u00e7\u00f5es, o Utilizador garante a autenticidade, exatid\u00e3o e veracidade de todas as informa\u00e7\u00f5es que nos fornecer, comprometendo-se a manter actualizadas as informa\u00e7\u00f5es que nos fornecer, de modo a que correspondam, em qualquer momento, \u00e0 sua situa\u00e7\u00e3o real. O Utilizador ser\u00e1 o \u00fanico respons\u00e1vel por quaisquer declara\u00e7\u00f5es falsas ou inexactas e por quaisquer danos que tais declara\u00e7\u00f5es possam causar.<\/span><\/p><p class=\"p4\"><span class=\"s1\">As categorias de dados pessoais que processamos est\u00e3o listadas abaixo:<\/span><\/p><ul class=\"ul1\"><li class=\"li6\"><span class=\"s1\">Formul\u00e1rios de pedido de informa\u00e7\u00f5es e de or\u00e7amento: Identifica\u00e7\u00e3o e dados de contacto (nome e apelido, telefone, correio eletr\u00f3nico, NIF).<\/span><\/li><li class=\"li6\"><span class=\"s1\">Formul\u00e1rio de subscri\u00e7\u00e3o da newsletter: Dados de contacto (e-mail).<\/span><\/li><li class=\"li6\"><span class=\"s1\">Coment\u00e1rios no blogue: Identifica\u00e7\u00e3o e dados de contacto (nome e apelido, e-mail).<\/span><\/li><\/ul><p class=\"p4\"><span class=\"s1\"><br \/>Os dados que lhe solicitamos atrav\u00e9s dos formul\u00e1rios acima referidos s\u00e3o de car\u00e1cter identificativo e constituem o m\u00ednimo necess\u00e1rio para lhe podermos prestar os servi\u00e7os que nos solicita. Os dados obrigat\u00f3rios s\u00e3o especificados no pr\u00f3prio formul\u00e1rio e a sua recusa em fornec\u00ea-los implicar\u00e1 a impossibilidade de dar seguimento ao seu pedido.<\/span><\/p><p class=\"p4\"><span class=\"s1\">Al\u00e9m disso, existem outros formul\u00e1rios de recolha de dados no s\u00edtio Web que se destinam a outros grupos, como clientes, empregados de clientes ou candidatos. Em cada um deles pode encontrar informa\u00e7\u00f5es espec\u00edficas sobre o tratamento dos dados fornecidos atrav\u00e9s destes formul\u00e1rios.<\/span><\/p><h3>\u00a0<\/h3><h3 class=\"p3\"><span class=\"s1\">Como \u00e9 que obtivemos os seus dados pessoais?<\/span><\/h3><p class=\"p4\"><span class=\"s1\">Os dados pessoais obtidos foram fornecidos diretamente pelo utilizador atrav\u00e9s dos diferentes formul\u00e1rios dispon\u00edveis no s\u00edtio Web.<\/span><\/p><h3>\u00a0<\/h3><h3 class=\"p3\"><span class=\"s1\">Para que fins processamos os seus dados pessoais?<\/span><\/h3><p class=\"p4\"><span class=\"s1\">Os dados pessoais podem ser tratados pela Quir\u00f3nprevenci\u00f3n para as seguintes finalidades:<\/span><\/p><ol class=\"ol1\"><li class=\"li6\"><span class=\"s1\">Pedido de informa\u00e7\u00e3o e or\u00e7amento: Os dados pessoais fornecidos atrav\u00e9s destes formul\u00e1rios ser\u00e3o tratados com a \u00fanica finalidade de dar resposta ao seu pedido de informa\u00e7\u00f5es, d\u00favidas e quest\u00f5es ou para lhe fornecer um or\u00e7amento.<\/span><\/li><li class=\"li6\"><span class=\"s1\">Subscri\u00e7\u00e3o de boletins informativos: Os dados fornecidos s\u00e3o utilizados para gerir a lista de subscri\u00e7\u00e3o, controlar e enviar boletins informativos por via eletr\u00f3nica e informar os subscritores sobre as actividades e servi\u00e7os da Quir\u00f3nprevenci\u00f3n.<\/span><\/li><li class=\"li6\"><span class=\"s1\">Coment\u00e1rios no blogue: neste caso, os seus dados ser\u00e3o tratados com a finalidade de registar o utilizador e gerir os coment\u00e1rios que este possa fazer no blogue.<\/span><\/li><li class=\"li6\"><span class=\"s1\">Envio de comunica\u00e7\u00f5es comerciais por qualquer meio em caso de consentimento adicional: se der o seu consentimento expresso, os seus dados poder\u00e3o ser utilizados pela Quir\u00f3nprevenci\u00f3n com a finalidade de o informar por qualquer meio, com fins promocionais e publicit\u00e1rios, sobre servi\u00e7os, produtos ou eventos relacionados com o sector da preven\u00e7\u00e3o de riscos laborais e sa\u00fade. (em nenhum caso os seus dados ser\u00e3o utilizados para lhe enviar conte\u00fados publicit\u00e1rios alheios \u00e0 Quir\u00f3nprevenci\u00f3n).<\/span><\/li><\/ol><p class=\"p4\"><span class=\"s1\"><br \/>A Quir\u00f3nprevenci\u00f3n tratar\u00e1 os dados de forma confidencial e exclusivamente para as finalidades determinadas, expl\u00edcitas e leg\u00edtimas e n\u00e3o ser\u00e3o tratados posteriormente de uma forma incompat\u00edvel com essas finalidades. Se estiver previsto o tratamento posterior dos dados pessoais para uma finalidade diferente daquela para a qual foram recolhidos, a pessoa em causa ser\u00e1 informada, antes desse tratamento posterior, sobre essa outra finalidade e sobre quaisquer informa\u00e7\u00f5es adicionais pertinentes.<\/span><\/p><p>\u00a0<\/p><h3 class=\"p3\"><span class=\"s1\">Qual \u00e9 a legitimidade do tratamento dos seus dados pessoais?<\/span><\/h3><p class=\"p4\"><span class=\"s1\">A base legal que legitima o tratamento dos seus dados pessoais em todos os casos descritos no ponto anterior \u00e9 o consentimento informado, expresso, livre e inequ\u00edvoco que nos d\u00e1 quando assinala a caixa \u00abAceito o Aviso Legal e a Pol\u00edtica de Privacidade\u00bb ou a caixa \u00abAceito o envio de comunica\u00e7\u00f5es comerciais\u00bb, e o posterior envio do formul\u00e1rio onde verifica o seu consentimento.<\/span><\/p><p class=\"p4\"><span class=\"s1\">Os dados que solicitamos ao utilizador s\u00e3o adequados, pertinentes e estritamente necess\u00e1rios e o utilizador n\u00e3o tem qualquer obriga\u00e7\u00e3o de os fornecer.<\/span><\/p><h3>\u00a0<\/h3><h3 class=\"p3\"><span class=\"s1\">Durante quanto tempo conservaremos os seus dados pessoais?<\/span><\/h3><p class=\"p4\"><span class=\"s1\">Os dados pessoais que nos fornecer para solicitar informa\u00e7\u00f5es e\/ou um or\u00e7amento ser\u00e3o conservados durante o tempo m\u00ednimo necess\u00e1rio para a correta presta\u00e7\u00e3o do servi\u00e7o oferecido, bem como para cumprir as responsabilidades que possam decorrer do mesmo e qualquer outro requisito legal.<\/span><\/p><p class=\"p4\"><span class=\"s1\">Os dados tratados para o envio de boletins informativos que tenha subscrito ou para publicar coment\u00e1rios no blogue ser\u00e3o conservados at\u00e9 que o utilizador n\u00e3o revogue o seu consentimento, cancele a subscri\u00e7\u00e3o do boletim informativo e\/ou exer\u00e7a os seus direitos de oposi\u00e7\u00e3o e\/ou de supress\u00e3o.<\/span><\/p><p class=\"p4\"><span class=\"s1\">Os dados tratados para o envio de comunica\u00e7\u00f5es comerciais ser\u00e3o conservados at\u00e9 que o interessado revogue o seu consentimento e\/ou exer\u00e7a o seu direito de oposi\u00e7\u00e3o e\/ou supress\u00e3o.<\/span><\/p><h3>\u00a0<\/h3><h3 class=\"p3\"><span class=\"s1\">A que destinat\u00e1rios ser\u00e3o comunicados os seus dados?<\/span><\/h3><p class=\"p4\"><span class=\"s1\">A Quir\u00f3nprevenci\u00f3n n\u00e3o ceder\u00e1 os dados fornecidos pelo utilizador a terceiros, exceto se for legalmente obrigada a faz\u00ea-lo ou com o seu consentimento expresso.<\/span><\/p><p class=\"p4\"><span class=\"s1\">A Quir\u00f3nprevenci\u00f3n pode fornecer dados pessoais a prestadores de servi\u00e7os necess\u00e1rios para a presta\u00e7\u00e3o do servi\u00e7o. Nestes casos, os prestadores de servi\u00e7os, que ser\u00e3o considerados subcontratantes, dever\u00e3o manter sempre os mesmos n\u00edveis de seguran\u00e7a que a Quir\u00f3nprevenci\u00f3n em rela\u00e7\u00e3o aos seus dados pessoais e estar\u00e3o vinculados por uma rela\u00e7\u00e3o contratual, podendo tratar os seus dados exclusivamente de acordo com as instru\u00e7\u00f5es da Quir\u00f3nprevenci\u00f3n.<\/span><\/p><h3>\u00a0<\/h3><h3 class=\"p3\"><span class=\"s1\">Quais s\u00e3o os seus direitos quando nos fornece os seus dados?<\/span><\/h3><p class=\"p4\"><span class=\"s1\">Qualquer pessoa tem o direito de obter confirma\u00e7\u00e3o sobre se a Quir\u00f3nprevenci\u00f3n est\u00e1 ou n\u00e3o a tratar dados pessoais que lhe digam respeito. Os direitos de prote\u00e7\u00e3o de dados que pode exercer s\u00e3o:<\/span><\/p><ul class=\"ul2\"><li class=\"li6\"><span class=\"s1\">Direito de acesso, retifica\u00e7\u00e3o ou apagamento: O utilizador tem o direito de aceder aos seus dados pessoais, bem como o direito de solicitar a retifica\u00e7\u00e3o dos dados inexactos ou, se for caso disso, de solicitar o seu apagamento quando, entre outros motivos, os dados j\u00e1 n\u00e3o forem necess\u00e1rios para os fins para que foram recolhidos.<\/span><\/li><li class=\"li6\"><span class=\"s1\">Direito de oposi\u00e7\u00e3o: Em determinadas circunst\u00e2ncias, o utilizador pode opor-se ao tratamento dos seus dados. A Quir\u00f3nprevenci\u00f3n deixar\u00e1 de tratar os dados, exceto por motivos leg\u00edtimos imperiosos ou para o exerc\u00edcio ou defesa de poss\u00edveis reclama\u00e7\u00f5es.<\/span><\/li><li class=\"li6\"><span class=\"s1\">Direito \u00e0 portabilidade dos dados: O utilizador pode solicitar que os seus dados pessoais automatizados sejam cedidos ou transferidos para qualquer outra empresa que nos indique. Estes dados ser\u00e3o fornecidos num formato estruturado, intelig\u00edvel e automatizado.<\/span><\/li><li class=\"li6\"><span class=\"s1\">Direito de solicitar a limita\u00e7\u00e3o do tratamento: Em determinadas circunst\u00e2ncias, pode solicitar que limitemos o tratamento dos seus dados, caso em que apenas os conservaremos para efeitos de prossecu\u00e7\u00e3o ou defesa de reclama\u00e7\u00f5es.<\/span><\/li><li class=\"li6\"><span class=\"s1\">O direito de n\u00e3o estar sujeito a decis\u00f5es individuais automatizadas.<\/span><\/li><\/ul><p>\u00a0<\/p><h3 class=\"p3\"><span class=\"s1\">Como pode exercer estes direitos?<\/span><\/h3><p class=\"p4\"><span class=\"s1\">Poder\u00e1 exercer os seus direitos de prote\u00e7\u00e3o de dados pessoais enviando uma comunica\u00e7\u00e3o escrita para a sede social da Quir\u00f3n Prevenci\u00f3n, S.L.U., situada em C\/ Agust\u00edn de Betancourt 25, 28003 MADRID, indicando a refer\u00eancia \u00abPROTEC\u00c7\u00c3O DE DADOS\u00bb ou para o endere\u00e7o de correio eletr\u00f3nico previsto para o efeito, protecciondedatos@quironprevencion.com, incluindo em ambos os casos uma fotoc\u00f3pia do seu bilhete de identidade ou outro documento de identifica\u00e7\u00e3o equivalente e indicando o seu nome e apelido, o pedido em que se insere, endere\u00e7o para efeitos de notifica\u00e7\u00f5es, data e assinatura. Tamb\u00e9m pode exercer os seus direitos atrav\u00e9s de representa\u00e7\u00e3o legal, caso em que, para al\u00e9m do bilhete de identidade do interessado ou equivalente, deve apresentar o seu bilhete de identidade e um comprovativo aut\u00eantico da representa\u00e7\u00e3o do terceiro.<\/span><\/p><p class=\"p4\"><span class=\"s1\">A pedido, fornecer-lhe-emos os formul\u00e1rios para o exerc\u00edcio destes direitos, indicando o direito que pretende exercer.<\/span><\/p><h3>\u00a0<\/h3><h3 class=\"p3\"><span class=\"s1\">Posso retirar o consentimento?<\/span><\/h3><p class=\"p4\"><span class=\"s1\">O utilizador tem o direito de retirar o seu consentimento em qualquer altura, sem que isso afecte a legalidade do tratamento efectuado com base no consentimento anterior \u00e0 sua retirada.<\/span><\/p><h3>\u00a0<\/h3><h3 class=\"p3\"><span class=\"s1\">Onde posso apresentar uma queixa se considerar que os meus dados n\u00e3o est\u00e3o a ser tratados corretamente?<\/span><\/h3><p class=\"p4\"><span class=\"s1\">Se considerar que os seus dados n\u00e3o est\u00e3o a ser tratados corretamente, pode dirigir as suas reclama\u00e7\u00f5es ao Delegado de Prote\u00e7\u00e3o de Dados da Quir\u00f3n Prevenci\u00f3n (dpo@quironprevencion.com) ou \u00e0 autoridade de controlo, que em Espanha \u00e9 a Ag\u00eancia Espanhola de Prote\u00e7\u00e3o de Dados, quer atrav\u00e9s da sede eletr\u00f3nica do seu portal web (www.agpd.es), quer por escrito para o seu endere\u00e7o postal (C\/ Jorge Juan, 6, 28001-Madrid).<\/span><\/p><p class=\"p3\"><span class=\"s1\">Seguran\u00e7a e atualiza\u00e7\u00e3o dos seus dados pessoais<\/span><\/p><p class=\"p4\"><span class=\"s1\">Com o objetivo de salvaguardar a seguran\u00e7a dos seus dados pessoais, informamos que a Quir\u00f3n Prevenci\u00f3n, S.L.U. adoptou todas as medidas t\u00e9cnicas e organizativas necess\u00e1rias para garantir a seguran\u00e7a dos dados pessoais fornecidos, incluindo, entre outras:<\/span><\/p><ol class=\"ol1\"><li class=\"li6\"><span class=\"s1\">Pseudonimiza\u00e7\u00e3o e cifragem de dados pessoais, se for caso disso.<\/span><\/li><li class=\"li6\"><span class=\"s1\">A capacidade de garantir a confidencialidade, integridade, disponibilidade e resili\u00eancia cont\u00ednuas dos sistemas e servi\u00e7os de processamento.<\/span><\/li><li class=\"li6\"><span class=\"s1\">A capacidade de restabelecer rapidamente a disponibilidade e o acesso aos dados pessoais em caso de incidente f\u00edsico ou t\u00e9cnico.<\/span><\/li><li class=\"li6\"><span class=\"s1\">Um processo de verifica\u00e7\u00e3o, avalia\u00e7\u00e3o e aprecia\u00e7\u00e3o regulares da efic\u00e1cia das medidas t\u00e9cnicas e organizativas destinadas a garantir a seguran\u00e7a do tratamento.<\/span><\/li><\/ol><p class=\"p4\"><span class=\"s1\">A Quir\u00f3nprevenci\u00f3n reserva-se o direito de modificar esta pol\u00edtica de privacidade a qualquer momento, pelo que recomendamos que a reveja sempre que aceder \u00e0 p\u00e1gina web.<\/span><\/p><ul class=\"ul3\"><li class=\"li8\"><span class=\"s6\"><a href=\"https:\/\/www.quironprevencion.com\/es\/politica-privacidad\/politica-privacidad-informacion-adicional\"><span class=\"s7\">Pol\u00edtica de privacidade: Informa\u00e7\u00f5es adicionais<\/span><\/a><\/span><\/li><li class=\"li8\"><span class=\"s6\"><a href=\"https:\/\/www.quironprevencion.com\/es\/politica-privacidad\/sociedades-quironprevencion\"><span class=\"s7\">Empresas de preven\u00e7\u00e3o de inc\u00eandios<\/span><\/a><\/span><\/li><li class=\"li8\"><span class=\"s6\"><a href=\"https:\/\/www.quironprevencion.com\/es\/politica-privacidad\/sociedades-grupo-quironsalud\"><span class=\"s7\">Empresas do Grupo Quir\u00f3nsalud<\/span><\/a><\/span><ul class=\"ul3\"><li class=\"li8\">\u00a0<\/li><\/ul><\/li><\/ul>\t\t\t\t\t\t\t\t<\/div>\n\t\t\t\t<\/div>\n\t\t\t\t\t<\/div>\n\t\t\t\t<\/div>\n\t\t\t\t\t<\/div>\n\t\t\t\t<\/div>\n\t\t\t\t<\/div>","protected":false},"excerpt":{"rendered":"<p>Pol\u00edtica de privacidad De conformidad con el Reglamento (UE) 2016\/679 del Parlamento y del Consejo de 27 de abril de 2016 relativo a la protecci\u00f3n de las personas f\u00edsicas en lo que respecta al tratamiento de sus datos personales y la libre circulaci\u00f3n de \u00e9stos y con la Ley Org\u00e1nica 3\/2018, de 5 de diciembre, [&hellip;]<\/p>\n","protected":false},"author":4,"featured_media":0,"parent":0,"menu_order":0,"comment_status":"closed","ping_status":"closed","template":"","meta":{"footnotes":""},"class_list":["post-998","page","type-page","status-publish","hentry"],"yoast_head":"<!-- This site is optimized with the Yoast SEO plugin v27.3 - https:\/\/yoast.com\/product\/yoast-seo-wordpress\/ -->\n<title>Pol\u00edtica de privacidad - Quir\u00f3nprevenci\u00f3n<\/title>\n<meta name=\"description\" content=\"Descubre c\u00f3mo Quioo protege tus datos personales y garantiza tu privacidad seg\u00fan la normativa vigente. Transparencia y seguridad en tu informaci\u00f3n.\" \/>\n<meta name=\"robots\" content=\"noindex, follow\" \/>\n<meta property=\"og:locale\" content=\"pt_PT\" \/>\n<meta property=\"og:type\" content=\"article\" \/>\n<meta property=\"og:title\" content=\"Pol\u00edtica de privacidad - Quir\u00f3nprevenci\u00f3n\" \/>\n<meta property=\"og:description\" content=\"Descubre c\u00f3mo Quioo protege tus datos personales y garantiza tu privacidad seg\u00fan la normativa vigente. Transparencia y seguridad en tu informaci\u00f3n.\" \/>\n<meta property=\"og:url\" content=\"https:\/\/quioo.quironprevencion.com\/pt\/politica-de-privacidad\/\" \/>\n<meta property=\"og:site_name\" content=\"Quir\u00f3nprevenci\u00f3n\" \/>\n<meta property=\"article:modified_time\" content=\"2025-06-12T12:15:35+00:00\" \/>\n<meta name=\"twitter:card\" content=\"summary_large_image\" \/>\n<meta name=\"twitter:label1\" content=\"Tempo estimado de leitura\" \/>\n\t<meta name=\"twitter:data1\" content=\"8 minutos\" \/>\n<script type=\"application\/ld+json\" class=\"yoast-schema-graph\">{\"@context\":\"https:\\\/\\\/schema.org\",\"@graph\":[{\"@type\":\"WebPage\",\"@id\":\"https:\\\/\\\/quioo.quironprevencion.com\\\/politica-de-privacidad\\\/\",\"url\":\"https:\\\/\\\/quioo.quironprevencion.com\\\/politica-de-privacidad\\\/\",\"name\":\"Pol\u00edtica de privacidad - Quir\u00f3nprevenci\u00f3n\",\"isPartOf\":{\"@id\":\"https:\\\/\\\/quioo.quironprevencion.com\\\/#website\"},\"datePublished\":\"2025-05-27T13:39:03+00:00\",\"dateModified\":\"2025-06-12T12:15:35+00:00\",\"description\":\"Descubre c\u00f3mo Quioo protege tus datos personales y garantiza tu privacidad seg\u00fan la normativa vigente. Transparencia y seguridad en tu informaci\u00f3n.\",\"breadcrumb\":{\"@id\":\"https:\\\/\\\/quioo.quironprevencion.com\\\/politica-de-privacidad\\\/#breadcrumb\"},\"inLanguage\":\"pt-PT\",\"potentialAction\":[{\"@type\":\"ReadAction\",\"target\":[\"https:\\\/\\\/quioo.quironprevencion.com\\\/politica-de-privacidad\\\/\"]}]},{\"@type\":\"BreadcrumbList\",\"@id\":\"https:\\\/\\\/quioo.quironprevencion.com\\\/politica-de-privacidad\\\/#breadcrumb\",\"itemListElement\":[{\"@type\":\"ListItem\",\"position\":1,\"name\":\"Portada\",\"item\":\"https:\\\/\\\/quioo.quironprevencion.com\\\/\"},{\"@type\":\"ListItem\",\"position\":2,\"name\":\"Pol\u00edtica de privacidad\"}]},{\"@type\":\"WebSite\",\"@id\":\"https:\\\/\\\/quioo.quironprevencion.com\\\/#website\",\"url\":\"https:\\\/\\\/quioo.quironprevencion.com\\\/\",\"name\":\"Quir\u00f3nprevenci\u00f3n\",\"description\":\"\",\"publisher\":{\"@id\":\"https:\\\/\\\/quioo.quironprevencion.com\\\/#organization\"},\"potentialAction\":[{\"@type\":\"SearchAction\",\"target\":{\"@type\":\"EntryPoint\",\"urlTemplate\":\"https:\\\/\\\/quioo.quironprevencion.com\\\/?s={search_term_string}\"},\"query-input\":{\"@type\":\"PropertyValueSpecification\",\"valueRequired\":true,\"valueName\":\"search_term_string\"}}],\"inLanguage\":\"pt-PT\"},{\"@type\":\"Organization\",\"@id\":\"https:\\\/\\\/quioo.quironprevencion.com\\\/#organization\",\"name\":\"Quir\u00f3nprevenci\u00f3n\",\"url\":\"https:\\\/\\\/quioo.quironprevencion.com\\\/\",\"logo\":{\"@type\":\"ImageObject\",\"inLanguage\":\"pt-PT\",\"@id\":\"https:\\\/\\\/quioo.quironprevencion.com\\\/#\\\/schema\\\/logo\\\/image\\\/\",\"url\":\"\\\/wp-content\\\/uploads\\\/2025\\\/02\\\/logo-ok.png\",\"contentUrl\":\"\\\/wp-content\\\/uploads\\\/2025\\\/02\\\/logo-ok.png\",\"width\":104,\"height\":104,\"caption\":\"Quir\u00f3nprevenci\u00f3n\"},\"image\":{\"@id\":\"https:\\\/\\\/quioo.quironprevencion.com\\\/#\\\/schema\\\/logo\\\/image\\\/\"}}]}<\/script>\n<!-- \/ Yoast SEO plugin. -->","yoast_head_json":{"title":"Pol\u00edtica de privacidade - Quir\u00f3nprevenci\u00f3n","description":"Descubre c\u00f3mo Quioo protege tus datos personales y garantiza tu privacidad seg\u00fan la normativa vigente. Transparencia y seguridad en tu informaci\u00f3n.","robots":{"index":"noindex","follow":"follow"},"og_locale":"pt_PT","og_type":"article","og_title":"Pol\u00edtica de privacidad - Quir\u00f3nprevenci\u00f3n","og_description":"Descubre c\u00f3mo Quioo protege tus datos personales y garantiza tu privacidad seg\u00fan la normativa vigente. Transparencia y seguridad en tu informaci\u00f3n.","og_url":"https:\/\/quioo.quironprevencion.com\/pt\/politica-de-privacidad\/","og_site_name":"Quir\u00f3nprevenci\u00f3n","article_modified_time":"2025-06-12T12:15:35+00:00","twitter_card":"summary_large_image","twitter_misc":{"Tempo estimado de leitura":"8 minutos"},"schema":{"@context":"https:\/\/schema.org","@graph":[{"@type":"WebPage","@id":"https:\/\/quioo.quironprevencion.com\/politica-de-privacidad\/","url":"https:\/\/quioo.quironprevencion.com\/politica-de-privacidad\/","name":"Pol\u00edtica de privacidade - Quir\u00f3nprevenci\u00f3n","isPartOf":{"@id":"https:\/\/quioo.quironprevencion.com\/#website"},"datePublished":"2025-05-27T13:39:03+00:00","dateModified":"2025-06-12T12:15:35+00:00","description":"Descubre c\u00f3mo Quioo protege tus datos personales y garantiza tu privacidad seg\u00fan la normativa vigente. Transparencia y seguridad en tu informaci\u00f3n.","breadcrumb":{"@id":"https:\/\/quioo.quironprevencion.com\/politica-de-privacidad\/#breadcrumb"},"inLanguage":"pt-PT","potentialAction":[{"@type":"ReadAction","target":["https:\/\/quioo.quironprevencion.com\/politica-de-privacidad\/"]}]},{"@type":"BreadcrumbList","@id":"https:\/\/quioo.quironprevencion.com\/politica-de-privacidad\/#breadcrumb","itemListElement":[{"@type":"ListItem","position":1,"name":"Portada","item":"https:\/\/quioo.quironprevencion.com\/"},{"@type":"ListItem","position":2,"name":"Pol\u00edtica de privacidad"}]},{"@type":"WebSite","@id":"https:\/\/quioo.quironprevencion.com\/#website","url":"https:\/\/quioo.quironprevencion.com\/","name":"Quir\u00f3nprevenci\u00f3n","description":"","publisher":{"@id":"https:\/\/quioo.quironprevencion.com\/#organization"},"potentialAction":[{"@type":"SearchAction","target":{"@type":"EntryPoint","urlTemplate":"https:\/\/quioo.quironprevencion.com\/?s={search_term_string}"},"query-input":{"@type":"PropertyValueSpecification","valueRequired":true,"valueName":"search_term_string"}}],"inLanguage":"pt-PT"},{"@type":"Organization","@id":"https:\/\/quioo.quironprevencion.com\/#organization","name":"Quir\u00f3nprevenci\u00f3n","url":"https:\/\/quioo.quironprevencion.com\/","logo":{"@type":"ImageObject","inLanguage":"pt-PT","@id":"https:\/\/quioo.quironprevencion.com\/#\/schema\/logo\/image\/","url":"\/wp-content\/uploads\/2025\/02\/logo-ok.png","contentUrl":"\/wp-content\/uploads\/2025\/02\/logo-ok.png","width":104,"height":104,"caption":"Quir\u00f3nprevenci\u00f3n"},"image":{"@id":"https:\/\/quioo.quironprevencion.com\/#\/schema\/logo\/image\/"}}]}},"_links":{"self":[{"href":"https:\/\/quioo.quironprevencion.com\/pt\/wp-json\/wp\/v2\/pages\/998","targetHints":{"allow":["GET"]}}],"collection":[{"href":"https:\/\/quioo.quironprevencion.com\/pt\/wp-json\/wp\/v2\/pages"}],"about":[{"href":"https:\/\/quioo.quironprevencion.com\/pt\/wp-json\/wp\/v2\/types\/page"}],"author":[{"embeddable":true,"href":"https:\/\/quioo.quironprevencion.com\/pt\/wp-json\/wp\/v2\/users\/4"}],"replies":[{"embeddable":true,"href":"https:\/\/quioo.quironprevencion.com\/pt\/wp-json\/wp\/v2\/comments?post=998"}],"version-history":[{"count":7,"href":"https:\/\/quioo.quironprevencion.com\/pt\/wp-json\/wp\/v2\/pages\/998\/revisions"}],"predecessor-version":[{"id":1024,"href":"https:\/\/quioo.quironprevencion.com\/pt\/wp-json\/wp\/v2\/pages\/998\/revisions\/1024"}],"wp:attachment":[{"href":"https:\/\/quioo.quironprevencion.com\/pt\/wp-json\/wp\/v2\/media?parent=998"}],"curies":[{"name":"wp","href":"https:\/\/api.w.org\/{rel}","templated":true}]}}